{"id":72389,"date":"2025-08-21T10:30:39","date_gmt":"2025-08-21T10:30:39","guid":{"rendered":"https:\/\/vinoeoli.it\/contatos\/"},"modified":"2025-12-01T11:07:24","modified_gmt":"2025-12-01T11:07:24","slug":"contatos","status":"publish","type":"page","link":"https:\/\/vinoeoli.it\/pt-br\/contatos\/","title":{"rendered":"Contatos"},"content":{"rendered":"<div class=\"et_pb_section_0 et_pb_section et_section_regular et_block_section\">\n<div class=\"et_pb_row_0 et_pb_row et_pb_equal_columns et_pb_gutters1 et_block_row\">\n<div class=\"et_pb_column_0 et_pb_column et_pb_column_1_2 et_block_column et_pb_css_mix_blend_mode_passthrough\">\n<div class=\"et_pb_text_0 et_pb_text et_pb_bg_layout_light et_pb_module et_block_module\"><div class=\"et_pb_text_inner\"><h1>CONTATOS<\/h1>\n<\/div><\/div>\n\n<div class=\"et_pb_text_1 et_pb_text et_pb_bg_layout_light et_pb_module et_block_module\"><div class=\"et_pb_text_inner\"><p><span>Viale delle Milizie 11\/a<\/span><br \/><span>00192 Roma<\/span><\/p>\n<\/div><\/div>\n\n<div class=\"et_pb_text_2 et_pb_text et_pb_bg_layout_light et_pb_module et_block_module\"><div class=\"et_pb_text_inner\"><p>Tel.: <span>06 37516346<\/span><br \/>E-mail: <span style=\"color: #000000;\"><a href=\"mailto:residenze@vinoeoli.it\" style=\"color: #000000;\">residenze@vinoeoli.it<\/a><\/span><\/p>\n<\/div><\/div>\n\n<div class=\"et_pb_text_3 et_pb_text et_pb_bg_layout_light et_pb_module et_block_module\"><div class=\"et_pb_text_inner\"><h1>HOR\u00c1RIO DA RECEP\u00c7\u00c3O<\/h1>\n<\/div><\/div>\n\n<div class=\"et_pb_text_4 et_pb_text et_pb_bg_layout_light et_pb_module et_block_module\"><div class=\"et_pb_text_inner\"><p>Segunda &#8211; Sexta<br \/>09:00 \/ 13:00<br \/>14:00 \/ 18:00<\/p>\n<\/div><\/div>\n\n<div class=\"et_pb_text_5 et_pb_text et_pb_bg_layout_light et_pb_module et_block_module\"><div class=\"et_pb_text_inner\"><p>S\u00e1bado<br \/>09:00 \/ 14:00<\/p>\n<\/div><\/div>\n<\/div>\n\n<div class=\"et_pb_column_1 et_pb_column et_pb_column_1_2 et-last-child et_block_column et_pb_css_mix_blend_mode_passthrough\">\n<div class=\"et_pb_contact_form_0 et_pb_contact_form_container clearfix et_pb_module et_flex_module\" data-form_unique_num=\"0\" data-form_unique_id=\"divi\/contact-form-0\" id=\"et_pb_contact_form_0\"><h1 class=\"et_pb_contact_main_title\">PRECISA DE N\u00d3S?<\/h1><div class=\"et-pb-contact-message\"><\/div><div class=\"et_pb_contact\"><form class=\"et_pb_contact_form et_flex_module\" method=\"post\" action=\"https:\/\/vinoeoli.it\/pt-br\/wp-json\/wp\/v2\/pages\/72389\">\n<div class=\"et_pb_contact_field_0 et_pb_contact_field et_pb_module et_flex_module et_flex_column_24_24\" data-id=\"name\" data-type=\"input\"><label class=\"et_pb_contact_form_label\">Nome \/ Sobrenome<\/label><input type=\"text\" name=\"et_pb_contact_0_name_0\" id=\"et_pb_contact_0_name_0\" class=\"input\" data-required_mark=\"required\" data-field_type=\"input\" data-original_id=\"name\" placeholder=\"Nome \/ Sobrenome\" title=\"\" value=\"\" \/><\/div>\n\n<div class=\"et_pb_contact_field_1 et_pb_contact_field et_pb_module et_flex_module et_flex_column_24_24\" data-id=\"phone\" data-type=\"input\"><label class=\"et_pb_contact_form_label\">Telefone<\/label><input type=\"text\" name=\"et_pb_contact_0_phone_1\" id=\"et_pb_contact_0_phone_1\" class=\"input\" data-required_mark=\"required\" data-field_type=\"input\" data-original_id=\"phone\" placeholder=\"Telefone\" title=\"\" value=\"\" \/><\/div>\n\n<div class=\"et_pb_contact_field_2 et_pb_contact_field et_pb_module et_flex_module et_flex_column_24_24\" data-id=\"email\" data-type=\"email\"><label class=\"et_pb_contact_form_label\">Email<\/label><input type=\"text\" name=\"et_pb_contact_0_email_2\" id=\"et_pb_contact_0_email_2\" class=\"input\" data-required_mark=\"required\" data-field_type=\"email\" data-original_id=\"email\" placeholder=\"Email\" title=\"\" value=\"\" \/><\/div>\n\n<div class=\"et_pb_contact_field_3 et_pb_contact_field et_pb_module et_flex_module et_flex_column_24_24\" data-id=\"message\" data-type=\"text\"><label class=\"et_pb_contact_form_label\">Mensagem<\/label><textarea name=\"et_pb_contact_0_message_3\" id=\"et_pb_contact_0_message_3\" class=\"et_pb_contact_message input\" data-required_mark=\"required\" data-field_type=\"text\" data-original_id=\"message\" placeholder=\"Mensagem\"><\/textarea><\/div>\n<input type=\"hidden\" name=\"et_pb_contactform_submit_0\" value=\"et_contact_proccess\" \/><div class=\"et_contact_bottom_container\"><div class=\"et_pb_contact_right et_pb_contact_field\"><p class=\"clearfix\"><span class=\"et_pb_contact_captcha_question\">14 + 8<\/span> = <input type=\"text\" size=\"2\" class=\"input et_pb_contact_captcha\" data-first_digit=\"14\" data-second_digit=\"8\" data-required_mark=\"required\" name=\"et_pb_contact_captcha_0\" autocomplete=\"off\" \/><\/p><\/div><div class=\"et_pb_button_wrapper\"><button type=\"submit\" name=\"et_builder_submit_button\" class=\"et_pb_button et_pb_contact_submit\" data-icon=\"$\">ENVIAR PEDIDO<\/button><\/div><\/div><input type=\"hidden\" id=\"_wpnonce-et-pb-contact-form-submitted-0\" name=\"_wpnonce-et-pb-contact-form-submitted-0\" value=\"162c66877d\" \/><input type=\"hidden\" name=\"_wp_http_referer\" value=\"\/pt-br\/wp-json\/wp\/v2\/pages\/72389\" \/><\/form><\/div><\/div>\n<\/div>\n<\/div>\n<\/div>","protected":false},"excerpt":{"rendered":"","protected":false},"author":1,"featured_media":0,"parent":0,"menu_order":0,"comment_status":"closed","ping_status":"closed","template":"","meta":{"footnotes":""},"class_list":["post-72389","page","type-page","status-publish","hentry"],"_links":{"self":[{"href":"https:\/\/vinoeoli.it\/pt-br\/wp-json\/wp\/v2\/pages\/72389","targetHints":{"allow":["GET"]}}],"collection":[{"href":"https:\/\/vinoeoli.it\/pt-br\/wp-json\/wp\/v2\/pages"}],"about":[{"href":"https:\/\/vinoeoli.it\/pt-br\/wp-json\/wp\/v2\/types\/page"}],"author":[{"embeddable":true,"href":"https:\/\/vinoeoli.it\/pt-br\/wp-json\/wp\/v2\/users\/1"}],"replies":[{"embeddable":true,"href":"https:\/\/vinoeoli.it\/pt-br\/wp-json\/wp\/v2\/comments?post=72389"}],"version-history":[{"count":4,"href":"https:\/\/vinoeoli.it\/pt-br\/wp-json\/wp\/v2\/pages\/72389\/revisions"}],"predecessor-version":[{"id":72576,"href":"https:\/\/vinoeoli.it\/pt-br\/wp-json\/wp\/v2\/pages\/72389\/revisions\/72576"}],"wp:attachment":[{"href":"https:\/\/vinoeoli.it\/pt-br\/wp-json\/wp\/v2\/media?parent=72389"}],"curies":[{"name":"wp","href":"https:\/\/api.w.org\/{rel}","templated":true}]}}