{"id":72385,"date":"2025-08-21T10:52:50","date_gmt":"2025-08-21T10:52:50","guid":{"rendered":"https:\/\/vinoeoli.it\/habitar\/"},"modified":"2025-11-21T15:08:40","modified_gmt":"2025-11-21T15:08:40","slug":"habitar","status":"publish","type":"page","link":"https:\/\/vinoeoli.it\/pt-br\/habitar\/","title":{"rendered":"Habitar"},"content":{"rendered":"<div class=\"et_pb_section_0 et_pb_section et_section_regular et_block_section\">\n<div class=\"et_pb_row_0 et_pb_row et_pb_equal_columns et_pb_gutters1 et_block_row\">\n<div class=\"et_pb_column_0 et_pb_column et_pb_column_3_5 et_block_column et_pb_css_mix_blend_mode_passthrough\">\n<div class=\"et_pb_cta_0 et_pb_promo et_pb_bg_layout_dark et_pb_module et_flex_module\"><div class=\"et_pb_promo_description\"><h2 class=\"et_pb_module_header\">O SEU ESCRIT\u00d3RIO EM CASA<\/h2><\/div><div class=\"et_pb_button_wrapper\"><a class=\"et_pb_button et_pb_promo_button\" href=\"\" data-icon=\"$\">SMART WORKING APT<\/a><\/div><\/div>\n<\/div>\n\n<div class=\"et_pb_column_1 et_pb_column et_pb_column_2_5 et-last-child et_block_column et_pb_css_mix_blend_mode_passthrough\">\n<div class=\"et_pb_cta_1 et_pb_promo et_pb_bg_layout_dark et_pb_module et_flex_module\"><div class=\"et_pb_promo_description\"><h2 class=\"et_pb_module_header\">VIAGEM DE NEG\u00d3CIOS?<\/h2><\/div><div class=\"et_pb_button_wrapper\"><a class=\"et_pb_button et_pb_promo_button\" href=\"\" data-icon=\"$\">APARTAMENTO COMERCIAL<\/a><\/div><\/div>\n\n<div class=\"et_pb_cta_2 et_pb_promo et_pb_bg_layout_dark et_pb_module et_flex_module\"><div class=\"et_pb_promo_description\"><h2 class=\"et_pb_module_header\">A REMODELAR A CASA?<\/h2><\/div><div class=\"et_pb_button_wrapper\"><a class=\"et_pb_button et_pb_promo_button\" href=\"\" data-icon=\"$\">APARTAMENTO FAMILIAR<\/a><\/div><\/div>\n<\/div>\n<\/div>\n<\/div>\n\n<div class=\"et_pb_section_1 et_pb_section et_section_regular et_flex_section\">\n<div class=\"et_pb_row_1 et_pb_row et_flex_row\">\n<div class=\"et_pb_column_2 et_pb_column et-last-child et_flex_column et_pb_css_mix_blend_mode_passthrough et_flex_column_24_24\">\n<div class=\"et_pb_text_0 et_pb_text et_pb_bg_layout_light et_pb_module et_flex_module\"><div class=\"et_pb_text_inner\"><h1>CONFORTO, ELEG\u00c2NCIA E INDEPEND\u00caNCIA<\/h1>\n<\/div><\/div>\n\n<div class=\"et_pb_text_1 et_pb_text et_pb_bg_layout_light et_pb_module et_flex_module\"><div class=\"et_pb_text_inner\"><p>Para quem procura um alojamento em Roma por um per\u00edodo m\u00e9dio ou longo, a Vino e Oli Residenze prop\u00f5e uma sele\u00e7\u00e3o de apartamentos elegantes e funcionais, ideais para estadias de um a seis meses.<\/p>\n<p>As nossas resid\u00eancias encontram-se no prestigiado bairro Prati, uma das zonas mais procuradas da cidade, a poucos passos de S\u00e3o Pedro e dos Museus do Vaticano. A apenas 100 metros da esta\u00e7\u00e3o de metro Ottaviano (Linha A), os apartamentos est\u00e3o perfeitamente ligados ao centro hist\u00f3rico, \u00e0 esta\u00e7\u00e3o Termini e \u00e0s principais sedes institucionais. <\/p>\n<\/div><\/div>\n<\/div>\n<\/div>\n<\/div>\n\n<div class=\"et_pb_section_2 et_pb_section et_section_regular et_block_section\">\n<div class=\"et_pb_row_2 et_pb_row et_pb_equal_columns et_pb_gutters2 et_block_row\">\n<div class=\"et_pb_column_3 et_pb_column et_pb_column_1_2 et_block_column et_pb_css_mix_blend_mode_passthrough\">\n<div class=\"et_pb_text_2 et_pb_text et_pb_bg_layout_light et_pb_module et_flex_module\"><div class=\"et_pb_text_inner\"><h1><b>CARACTER\u00cdSTICAS DOS APARTAMENTOS<\/b><\/h1>\n<\/div><\/div>\n\n<div class=\"et_pb_text_3 et_pb_text et_pb_bg_layout_light et_pb_module et_flex_module\"><div class=\"et_pb_text_inner\"><p>Cada unidade, com superf\u00edcie entre os 45 e os 60 m\u00b2, est\u00e1 completamente mobilada e equipada com tudo o que \u00e9 necess\u00e1rio para garantir uma estadia confort\u00e1vel.<\/p>\n<\/div><\/div>\n\n<div class=\"et_pb_blurb_0 et_pb_blurb et_pb_bg_layout_light et_pb_text_align_left et_pb_blurb_position_left et_pb_module et_flex_module\"><div class=\"et_pb_blurb_content et_flex_module\"><div class=\"et_pb_main_blurb_image\"><span class=\"et_pb_image_wrap\"><span class=\"et-pb-icon et-waypoint et_pb_animation_off et_pb_animation_off_tablet et_pb_animation_off_phone\">Z<\/span><\/span><\/div><div class=\"et_pb_blurb_container\"><h4 class=\"et_pb_module_header\">Cozinha equipada com zona de refei\u00e7\u00f5es<\/h4><\/div><\/div><\/div>\n\n<div class=\"et_pb_blurb_1 et_pb_blurb et_pb_bg_layout_light et_pb_text_align_left et_pb_blurb_position_left et_pb_module et_flex_module\"><div class=\"et_pb_blurb_content et_flex_module\"><div class=\"et_pb_main_blurb_image\"><span class=\"et_pb_image_wrap\"><span class=\"et-pb-icon et-waypoint et_pb_animation_off et_pb_animation_off_tablet et_pb_animation_off_phone\">Z<\/span><\/span><\/div><div class=\"et_pb_blurb_container\"><h4 class=\"et_pb_module_header\">Sala de estar luminosa e acolhedora<\/h4><\/div><\/div><\/div>\n\n<div class=\"et_pb_blurb_2 et_pb_blurb et_pb_bg_layout_light et_pb_text_align_left et_pb_blurb_position_left et_pb_module et_flex_module\"><div class=\"et_pb_blurb_content et_flex_module\"><div class=\"et_pb_main_blurb_image\"><span class=\"et_pb_image_wrap\"><span class=\"et-pb-icon et-waypoint et_pb_animation_off et_pb_animation_off_tablet et_pb_animation_off_phone\">Z<\/span><\/span><\/div><div class=\"et_pb_blurb_container\"><h4 class=\"et_pb_module_header\">Liga\u00e7\u00e3o Wi-Fi r\u00e1pida<\/h4><\/div><\/div><\/div>\n\n<div class=\"et_pb_blurb_3 et_pb_blurb et_pb_bg_layout_light et_pb_text_align_left et_pb_blurb_position_left et_pb_module et_flex_module\"><div class=\"et_pb_blurb_content et_flex_module\"><div class=\"et_pb_main_blurb_image\"><span class=\"et_pb_image_wrap\"><span class=\"et-pb-icon et-waypoint et_pb_animation_off et_pb_animation_off_tablet et_pb_animation_off_phone\">Z<\/span><\/span><\/div><div class=\"et_pb_blurb_container\"><h4 class=\"et_pb_module_header\">Climatiza\u00e7\u00e3o aut\u00f3noma<\/h4><\/div><\/div><\/div>\n\n<div class=\"et_pb_blurb_4 et_pb_blurb et_pb_bg_layout_light et_pb_text_align_left et_pb_blurb_position_left et_pb_module et_flex_module\"><div class=\"et_pb_blurb_content et_flex_module\"><div class=\"et_pb_main_blurb_image\"><span class=\"et_pb_image_wrap\"><span class=\"et-pb-icon et-waypoint et_pb_animation_off et_pb_animation_off_tablet et_pb_animation_off_phone\">Z<\/span><\/span><\/div><div class=\"et_pb_blurb_container\"><h4 class=\"et_pb_module_header\">Servi\u00e7o de limpeza dispon\u00edvel mediante pedido<\/h4><\/div><\/div><\/div>\n\n<div class=\"et_pb_blurb_5 et_pb_blurb et_pb_bg_layout_light et_pb_text_align_left et_pb_blurb_position_left et_pb_module et_flex_module\"><div class=\"et_pb_blurb_content et_flex_module\"><div class=\"et_pb_main_blurb_image\"><span class=\"et_pb_image_wrap\"><span class=\"et-pb-icon et-waypoint et_pb_animation_off et_pb_animation_off_tablet et_pb_animation_off_phone\">Z<\/span><\/span><\/div><div class=\"et_pb_blurb_container\"><h4 class=\"et_pb_module_header\">Apoio ao cliente dedicado<\/h4><\/div><\/div><\/div>\n\n<div class=\"et_pb_text_4 et_pb_text et_pb_bg_layout_light et_pb_module et_flex_module\"><div class=\"et_pb_text_inner\"><p>Algumas unidades est\u00e3o equipadas com micro-ondas, m\u00e1quina de lavar roupa, filtro de ar e outras comodidades adicionais.<\/p>\n<\/div><\/div>\n\n<div class=\"et_pb_module et_pb_button_module_wrapper et_pb_button_0_wrapper\"><a class=\"et_pb_button_0 et_pb_button et_pb_bg_layout_light et_pb_module et_flex_module\" href=\"\" data-icon=\"\uf105\">PEDIR INFORMA\u00c7\u00d5ES<\/a><\/div>\n<\/div>\n\n<div class=\"et_pb_column_4 et_pb_column et_pb_column_1_2 et-last-child et_block_column et_pb_css_mix_blend_mode_passthrough\">\n<div class=\"et_pb_image_0 et_pb_image et_pb_module et_flex_module\"><span class=\"et_pb_image_wrap\"><img loading=\"lazy\" decoding=\"async\" src=\"https:\/\/vinoeoli.it\/wp-content\/uploads\/2025\/11\/Holiday-and-Relax-in-Rome-13.jpg\" width=\"700\" height=\"700\" srcset=\"https:\/\/vinoeoli.it\/wp-content\/uploads\/2025\/11\/Holiday-and-Relax-in-Rome-13.jpg 700w, https:\/\/vinoeoli.it\/wp-content\/uploads\/2025\/11\/Holiday-and-Relax-in-Rome-13-480x480.jpg 480w\" sizes=\"(min-width: 0px) and (max-width: 480px) 480px, (min-width: 481px) 700px, 100vw\" class=\"wp-image-71705\" title=\"new-section-1 (1)\" \/><\/span><\/div>\n<\/div>\n<\/div>\n<\/div>\n\n<div class=\"et_pb_section_3 et_pb_section et_section_regular et_block_section\">\n<div class=\"et_pb_row_3 et_pb_row et-vb-row--no-module et_flex_row\">\n<div class=\"et_pb_column_5 et_pb_column et-last-child et_flex_column et_pb_column_empty et_pb_css_mix_blend_mode_passthrough et_flex_column_24_24\"><\/div>\n<\/div>\n\n<div class=\"et_pb_row_4 et_pb_row et_pb_equal_columns et_pb_gutters2 et_block_row\">\n<div class=\"et_pb_column_6 et_pb_column et_pb_column_1_2 et_block_column et_pb_css_mix_blend_mode_passthrough\">\n<div class=\"et_pb_text_5 et_pb_text et_pb_bg_layout_light et_pb_module et_flex_module\"><div class=\"et_pb_text_inner\"><h1><b>DESTINAT\u00c1RIOS DO SERVI\u00c7O<\/b><\/h1>\n<\/div><\/div>\n\n<div class=\"et_pb_text_6 et_pb_text et_pb_bg_layout_light et_pb_module et_flex_module\"><div class=\"et_pb_text_inner\"><p>As nossas solu\u00e7\u00f5es s\u00e3o ideais para:<\/p>\n<\/div><\/div>\n\n<div class=\"et_pb_blurb_6 et_pb_blurb et_pb_bg_layout_light et_pb_text_align_left et_pb_blurb_position_left et_pb_module et_flex_module\"><div class=\"et_pb_blurb_content et_flex_module\"><div class=\"et_pb_main_blurb_image\"><span class=\"et_pb_image_wrap\"><span class=\"et-pb-icon et-waypoint et_pb_animation_off et_pb_animation_off_tablet et_pb_animation_off_phone\">Z<\/span><\/span><\/div><div class=\"et_pb_blurb_container\"><h4 class=\"et_pb_module_header\">Profissionais e executivos em viagem de neg\u00f3cios<\/h4><\/div><\/div><\/div>\n\n<div class=\"et_pb_blurb_7 et_pb_blurb et_pb_bg_layout_light et_pb_text_align_left et_pb_blurb_position_left et_pb_module et_flex_module\"><div class=\"et_pb_blurb_content et_flex_module\"><div class=\"et_pb_main_blurb_image\"><span class=\"et_pb_image_wrap\"><span class=\"et-pb-icon et-waypoint et_pb_animation_off et_pb_animation_off_tablet et_pb_animation_off_phone\">Z<\/span><\/span><\/div><div class=\"et_pb_blurb_container\"><h4 class=\"et_pb_module_header\">Profissionais e executivos em viagem de neg\u00f3cios<\/h4><\/div><\/div><\/div>\n\n<div class=\"et_pb_blurb_8 et_pb_blurb et_pb_bg_layout_light et_pb_text_align_left et_pb_blurb_position_left et_pb_module et_flex_module\"><div class=\"et_pb_blurb_content et_flex_module\"><div class=\"et_pb_main_blurb_image\"><span class=\"et_pb_image_wrap\"><span class=\"et-pb-icon et-waypoint et_pb_animation_off et_pb_animation_off_tablet et_pb_animation_off_phone\">Z<\/span><\/span><\/div><div class=\"et_pb_blurb_container\"><h4 class=\"et_pb_module_header\">Pessoal diplom\u00e1tico e pertencente a institui\u00e7\u00f5es internacionais<\/h4><\/div><\/div><\/div>\n\n<div class=\"et_pb_blurb_9 et_pb_blurb et_pb_bg_layout_light et_pb_text_align_left et_pb_blurb_position_left et_pb_module et_flex_module\"><div class=\"et_pb_blurb_content et_flex_module\"><div class=\"et_pb_main_blurb_image\"><span class=\"et_pb_image_wrap\"><span class=\"et-pb-icon et-waypoint et_pb_animation_off et_pb_animation_off_tablet et_pb_animation_off_phone\">Z<\/span><\/span><\/div><div class=\"et_pb_blurb_container\"><h4 class=\"et_pb_module_header\">Fam\u00edlias a aguardar a entrada na nova habita\u00e7\u00e3o<\/h4><\/div><\/div><\/div>\n\n<div class=\"et_pb_blurb_10 et_pb_blurb et_pb_bg_layout_light et_pb_text_align_left et_pb_blurb_position_left et_pb_module et_flex_module\"><div class=\"et_pb_blurb_content et_flex_module\"><div class=\"et_pb_main_blurb_image\"><span class=\"et_pb_image_wrap\"><span class=\"et-pb-icon et-waypoint et_pb_animation_off et_pb_animation_off_tablet et_pb_animation_off_phone\">Z<\/span><\/span><\/div><div class=\"et_pb_blurb_container\"><h4 class=\"et_pb_module_header\">Estudantes universit\u00e1rios e investigadores<\/h4><\/div><\/div><\/div>\n\n<div class=\"et_pb_blurb_11 et_pb_blurb et_pb_bg_layout_light et_pb_text_align_left et_pb_blurb_position_left et_pb_module et_flex_module\"><div class=\"et_pb_blurb_content et_flex_module\"><div class=\"et_pb_main_blurb_image\"><span class=\"et_pb_image_wrap\"><span class=\"et-pb-icon et-waypoint et_pb_animation_off et_pb_animation_off_tablet et_pb_animation_off_phone\">Z<\/span><\/span><\/div><div class=\"et_pb_blurb_container\"><h4 class=\"et_pb_module_header\">Qualquer pessoa que precise de um alojamento tempor\u00e1rio em Roma, sem renunciar ao conforto, privacidade e qualidade.<\/h4><\/div><\/div><\/div>\n\n<div class=\"et_pb_module et_pb_button_module_wrapper et_pb_button_1_wrapper\"><a class=\"et_pb_button_1 et_pb_button et_pb_bg_layout_light et_pb_module et_flex_module\" href=\"\" data-icon=\"\uf105\">PEDIR INFORMA\u00c7\u00d5ES<\/a><\/div>\n<\/div>\n\n<div class=\"et_pb_column_7 et_pb_column et_pb_column_1_2 et-last-child et_block_column et_pb_css_mix_blend_mode_passthrough\">\n<div class=\"et_pb_image_1 et_pb_image et_pb_module et_flex_module\"><span class=\"et_pb_image_wrap\"><img loading=\"lazy\" decoding=\"async\" src=\"https:\/\/vinoeoli.it\/wp-content\/uploads\/2025\/11\/Holiday-and-Relax-in-Rome-23.jpg\" width=\"700\" height=\"700\" srcset=\"https:\/\/vinoeoli.it\/wp-content\/uploads\/2025\/11\/Holiday-and-Relax-in-Rome-23.jpg 700w, https:\/\/vinoeoli.it\/wp-content\/uploads\/2025\/11\/Holiday-and-Relax-in-Rome-23-480x480.jpg 480w\" sizes=\"(min-width: 0px) and (max-width: 480px) 480px, (min-width: 481px) 700px, 100vw\" class=\"wp-image-71715\" title=\"new-section-1 (1)\" \/><\/span><\/div>\n<\/div>\n<\/div>\n<\/div>\n\n<div class=\"et_pb_section_4 et_pb_section et_section_specialty et_pb_gutters2 et_block_section\"><div class=\"et_pb_row et_block_row\">\n<div class=\"et_pb_column_8 et_pb_column et_pb_specialty_column et_pb_column_1_2 et_block_column et_pb_css_mix_blend_mode_passthrough\">\n<div class=\"et_pb_row_inner_0 et_pb_row_inner et_block_row\">\n<div class=\"et_pb_column_inner_0 et_pb_column_inner et_pb_column et_pb_column_1_4 et_block_column et_pb_css_mix_blend_mode_passthrough\">\n<div class=\"et_pb_image_2 et_pb_image et_pb_module et_flex_module\"><span class=\"et_pb_image_wrap\"><img loading=\"lazy\" decoding=\"async\" src=\"https:\/\/vinoeoli.it\/wp-content\/uploads\/2025\/11\/Luxury-apartments-in-Rome-1.jpg\" width=\"700\" height=\"700\" srcset=\"https:\/\/vinoeoli.it\/wp-content\/uploads\/2025\/11\/Luxury-apartments-in-Rome-1.jpg 700w, https:\/\/vinoeoli.it\/wp-content\/uploads\/2025\/11\/Luxury-apartments-in-Rome-1-480x480.jpg 480w\" sizes=\"(min-width: 0px) and (max-width: 480px) 480px, (min-width: 481px) 700px, 100vw\" class=\"wp-image-71717\" \/><\/span><\/div>\n<\/div>\n\n<div class=\"et_pb_column_inner_1 et_pb_column_inner et_pb_column et_pb_column_1_4 et-last-child et_block_column et_pb_css_mix_blend_mode_passthrough\">\n<div class=\"et_pb_image_3 et_pb_image et_pb_module et_flex_module\"><span class=\"et_pb_image_wrap\"><img loading=\"lazy\" decoding=\"async\" src=\"https:\/\/vinoeoli.it\/wp-content\/uploads\/2025\/11\/Holiday-and-Relax-in-Rome-12.jpg\" width=\"700\" height=\"700\" srcset=\"https:\/\/vinoeoli.it\/wp-content\/uploads\/2025\/11\/Holiday-and-Relax-in-Rome-12.jpg 700w, https:\/\/vinoeoli.it\/wp-content\/uploads\/2025\/11\/Holiday-and-Relax-in-Rome-12-480x480.jpg 480w\" sizes=\"(min-width: 0px) and (max-width: 480px) 480px, (min-width: 481px) 700px, 100vw\" class=\"wp-image-71704\" \/><\/span><\/div>\n<\/div>\n<\/div>\n\n<div class=\"et_pb_row_inner_1 et_pb_row_inner et_block_row\">\n<div class=\"et_pb_column_inner_2 et_pb_column_inner et_pb_column et_pb_column_1_4 et_block_column et_pb_css_mix_blend_mode_passthrough\">\n<div class=\"et_pb_image_4 et_pb_image et_pb_module et_flex_module\"><span class=\"et_pb_image_wrap\"><img loading=\"lazy\" decoding=\"async\" src=\"https:\/\/vinoeoli.it\/wp-content\/uploads\/2025\/11\/Vino-e-Oli-Residenze-a-Roma-19.jpg\" width=\"700\" height=\"700\" srcset=\"https:\/\/vinoeoli.it\/wp-content\/uploads\/2025\/11\/Vino-e-Oli-Residenze-a-Roma-19.jpg 700w, https:\/\/vinoeoli.it\/wp-content\/uploads\/2025\/11\/Vino-e-Oli-Residenze-a-Roma-19-480x480.jpg 480w\" sizes=\"(min-width: 0px) and (max-width: 480px) 480px, (min-width: 481px) 700px, 100vw\" class=\"wp-image-71687\" \/><\/span><\/div>\n<\/div>\n\n<div class=\"et_pb_column_inner_3 et_pb_column_inner et_pb_column et_pb_column_1_4 et-last-child et_block_column et_pb_css_mix_blend_mode_passthrough\">\n<div class=\"et_pb_image_5 et_pb_image et_pb_module et_flex_module\"><span class=\"et_pb_image_wrap\"><img loading=\"lazy\" decoding=\"async\" src=\"https:\/\/vinoeoli.it\/wp-content\/uploads\/2025\/11\/Soggiorni-medio-lungo-periodo-a-Roma-10.jpg\" width=\"700\" height=\"700\" srcset=\"https:\/\/vinoeoli.it\/wp-content\/uploads\/2025\/11\/Soggiorni-medio-lungo-periodo-a-Roma-10.jpg 700w, https:\/\/vinoeoli.it\/wp-content\/uploads\/2025\/11\/Soggiorni-medio-lungo-periodo-a-Roma-10-480x480.jpg 480w\" sizes=\"(min-width: 0px) and (max-width: 480px) 480px, (min-width: 481px) 700px, 100vw\" class=\"wp-image-71740\" \/><\/span><\/div>\n<\/div>\n<\/div>\n<\/div>\n\n<div class=\"et_pb_column_9 et_pb_column et_pb_column_single et_pb_column_1_2 et-last-child et_block_column et_pb_css_mix_blend_mode_passthrough\">\n<div class=\"et_pb_text_7 et_pb_text et_pb_bg_layout_light et_pb_module et_flex_module\"><div class=\"et_pb_text_inner\"><h1><b>UM CONTEXTO RESIDENCIAL ESTRAT\u00c9GICO<\/b><\/h1>\n<\/div><\/div>\n\n<div class=\"et_pb_text_8 et_pb_text et_pb_bg_layout_light et_pb_module et_flex_module\"><div class=\"et_pb_text_inner\"><p>Os apartamentos est\u00e3o inseridos numa zona central e tranquila, rica em servi\u00e7os e com\u00e9rcio: restaurantes, supermercados, farm\u00e1cias, gin\u00e1sios e lojas s\u00e3o facilmente acess\u00edveis a p\u00e9. A localiza\u00e7\u00e3o permite viver Roma de modo aut\u00eantico e funcional, com todas as vantagens da mobilidade urbana. <\/p>\n<\/div><\/div>\n\n<div class=\"et_pb_text_9 et_pb_text et_pb_bg_layout_light et_pb_module et_flex_module\"><div class=\"et_pb_text_inner\"><h1><b>FLEXIBILIDADE E TRANSPAR\u00caNCIA<\/b><\/h1>\n<\/div><\/div>\n\n<div class=\"et_pb_text_10 et_pb_text et_pb_bg_layout_light et_pb_module et_flex_module\"><div class=\"et_pb_text_inner\"><p>As solu\u00e7\u00f5es habitacionais est\u00e3o dispon\u00edveis com contratos claros e personaliz\u00e1veis, adapt\u00e1veis com base na dura\u00e7\u00e3o e nas exig\u00eancias espec\u00edficas da estadia. As tarifas, competitivas e calibradas com base no per\u00edodo solicitado, s\u00e3o comunicadas de forma transparente. <\/p>\n<\/div><\/div>\n\n<div class=\"et_pb_module et_pb_button_module_wrapper et_pb_button_2_wrapper\"><a class=\"et_pb_button_2 et_pb_button et_pb_bg_layout_light et_pb_module et_flex_module\" href=\"\" data-icon=\"\uf105\">PEDIR INFORMA\u00c7\u00d5ES<\/a><\/div>\n<\/div>\n<\/div><\/div>\n\n<div class=\"et_pb_section_5 et_pb_section et_section_regular et_block_section\">\n<div class=\"et_pb_row_5 et_pb_row et_pb_equal_columns et_pb_gutters2 et_block_row\">\n<div class=\"et_pb_column_10 et_pb_column et_pb_column_4_4 et-last-child et_block_column et_pb_css_mix_blend_mode_passthrough\">\n<div class=\"et_pb_text_11 et_pb_text et_pb_bg_layout_light et_pb_module et_flex_module\"><div class=\"et_pb_text_inner\"><h3><b>PEDIDO DE INFORMA\u00c7\u00d5ES<\/b><\/h3>\n<\/div><\/div>\n<\/div>\n<\/div>\n\n<div class=\"et_pb_row_6 et_pb_row et_pb_equal_columns et_pb_gutters2 et_block_row\">\n<div class=\"et_pb_column_11 et_pb_column et_pb_column_1_3 et_block_column et_pb_css_mix_blend_mode_passthrough\">\n<div class=\"et_pb_blurb_12 et_pb_blurb et_pb_bg_layout_light et_pb_text_align_left et_pb_blurb_position_left et_pb_module et_flex_module\"><div class=\"et_pb_blurb_content et_flex_module\"><div class=\"et_pb_main_blurb_image\"><span class=\"et_pb_image_wrap\"><span class=\"et-pb-icon et-waypoint et_pb_animation_off et_pb_animation_off_tablet et_pb_animation_off_phone\">\uf879<\/span><\/span><\/div><div class=\"et_pb_blurb_container\"><h4 class=\"et_pb_module_header\">+39 06 375 16 346<\/h4><\/div><\/div><\/div>\n<\/div>\n\n<div class=\"et_pb_column_12 et_pb_column et_pb_column_1_3 et_block_column et_pb_css_mix_blend_mode_passthrough\">\n<div class=\"et_pb_blurb_13 et_pb_blurb et_pb_bg_layout_light et_pb_text_align_left et_pb_blurb_position_left et_pb_module et_flex_module\"><div class=\"et_pb_blurb_content et_flex_module\"><div class=\"et_pb_main_blurb_image\"><span class=\"et_pb_image_wrap\"><span class=\"et-pb-icon et-waypoint et_pb_animation_off et_pb_animation_off_tablet et_pb_animation_off_phone\">\ue076<\/span><\/span><\/div><div class=\"et_pb_blurb_container\"><h4 class=\"et_pb_module_header\">residenze@vinoeoli.it<\/h4><\/div><\/div><\/div>\n<\/div>\n\n<div class=\"et_pb_column_13 et_pb_column et_pb_column_1_3 et-last-child et_block_column et_pb_column_empty et_pb_css_mix_blend_mode_passthrough\"><\/div>\n<\/div>\n\n<div class=\"et_pb_row_7 et_pb_row et_pb_equal_columns et_pb_gutters2 et_block_row\">\n<div class=\"et_pb_column_14 et_pb_column et_pb_column_1_3 et_block_column et_pb_css_mix_blend_mode_passthrough\">\n<div class=\"et_pb_text_12 et_pb_text et_pb_bg_layout_light et_pb_module et_flex_module\"><div class=\"et_pb_text_inner\"><p>Utilizza il modulo per inviare una richiesta, ricevere informazioni oppure per effetturare una prenotazione.<\/p>\n<p>Utilize o formul\u00e1rio para enviar um pedido, receber informa\u00e7\u00f5es ou para efetuar uma reserva. A equipa da Vino e Oli Residenze est\u00e1 \u00e0 disposi\u00e7\u00e3o para fornecer propostas personalizadas, de forma r\u00e1pida e sem compromisso.<\/p>\n<p>Vino e Oli Residenze: uma estadia em Roma com o conforto de casa e a liberdade de se mover no cora\u00e7\u00e3o da cidade.<\/p>\n<\/div><\/div>\n<\/div>\n\n<div class=\"et_pb_column_15 et_pb_column et_pb_column_2_3 et-last-child et_block_column et_pb_css_mix_blend_mode_passthrough\">\n<div class=\"et_pb_contact_form_0 et_pb_contact_form_container clearfix et_pb_module et_flex_module\" data-form_unique_num=\"0\" data-form_unique_id=\"7d655542-1691-4446-bc1b-29d79c70d619\" id=\"et_pb_contact_form_0\"><div class=\"et-pb-contact-message\"><\/div><div class=\"et_pb_contact\"><form class=\"et_pb_contact_form et_flex_module\" method=\"post\" action=\"https:\/\/vinoeoli.it\/pt-br\/wp-json\/wp\/v2\/pages\/72385\">\n<div class=\"et_pb_contact_field_0 et_pb_contact_field et_pb_module et_flex_module et_flex_column_24_24\" data-id=\"name_2_2\" data-type=\"input\"><label class=\"et_pb_contact_form_label\">Nome\/Apelido<\/label><input type=\"text\" name=\"et_pb_contact_0_name_2_2_0\" id=\"et_pb_contact_0_name_2_2_0\" class=\"input\" data-required_mark=\"required\" data-field_type=\"input\" data-original_id=\"name_2_2\" placeholder=\"Nome\/Apelido\" title=\"\" value=\"\" \/><\/div>\n\n<div class=\"et_pb_contact_field_1 et_pb_contact_field et_pb_module et_flex_module et_flex_column_24_24\" data-id=\"phone_number_2_2\" data-type=\"input\"><label class=\"et_pb_contact_form_label\">Telefone<\/label><input type=\"text\" name=\"et_pb_contact_0_phone_number_2_2_1\" id=\"et_pb_contact_0_phone_number_2_2_1\" class=\"input\" data-required_mark=\"required\" data-field_type=\"input\" data-original_id=\"phone_number_2_2\" placeholder=\"Telefone\" title=\"\" value=\"\" \/><\/div>\n\n<div class=\"et_pb_contact_field_2 et_pb_contact_field et_pb_module et_flex_module et_flex_column_24_24\" data-id=\"company_name_2_2\" data-type=\"input\"><label class=\"et_pb_contact_form_label\">Empresa<\/label><input type=\"text\" name=\"et_pb_contact_0_company_name_2_2_2\" id=\"et_pb_contact_0_company_name_2_2_2\" class=\"input\" data-required_mark=\"not_required\" data-field_type=\"input\" data-original_id=\"company_name_2_2\" placeholder=\"Empresa\" title=\"\" value=\"\" \/><\/div>\n\n<div class=\"et_pb_contact_field_3 et_pb_contact_field et_pb_module et_flex_module et_flex_column_24_24\" data-id=\"email_2_2\" data-type=\"email\"><label class=\"et_pb_contact_form_label\">Email<\/label><input type=\"text\" name=\"et_pb_contact_0_email_2_2_3\" id=\"et_pb_contact_0_email_2_2_3\" class=\"input\" data-required_mark=\"required\" data-field_type=\"email\" data-original_id=\"email_2_2\" placeholder=\"Email\" title=\"\" value=\"\" \/><\/div>\n\n<div class=\"et_pb_contact_field_4 et_pb_contact_field et_pb_module et_flex_module et_flex_column_24_24\" data-id=\"message_2_2\" data-type=\"text\"><label class=\"et_pb_contact_form_label\">O seu pedido<\/label><textarea name=\"et_pb_contact_0_message_2_2_4\" id=\"et_pb_contact_0_message_2_2_4\" class=\"et_pb_contact_message input\" data-required_mark=\"required\" data-field_type=\"text\" data-original_id=\"message_2_2\" placeholder=\"O seu pedido\"><\/textarea><\/div>\n<input type=\"hidden\" name=\"et_pb_contactform_submit_0\" value=\"et_contact_proccess\" \/><div class=\"et_contact_bottom_container\"><div class=\"et_pb_button_wrapper\"><button type=\"submit\" name=\"et_builder_submit_button\" class=\"et_pb_button et_pb_contact_submit\">ENVIAR PEDIDO<\/button><\/div><\/div><input type=\"hidden\" id=\"_wpnonce-et-pb-contact-form-submitted-0\" name=\"_wpnonce-et-pb-contact-form-submitted-0\" value=\"162c66877d\" \/><input type=\"hidden\" name=\"_wp_http_referer\" value=\"\/pt-br\/wp-json\/wp\/v2\/pages\/72385\" \/><\/form><\/div><\/div>\n<\/div>\n<\/div>\n<\/div>","protected":false},"excerpt":{"rendered":"","protected":false},"author":1,"featured_media":0,"parent":0,"menu_order":0,"comment_status":"closed","ping_status":"closed","template":"","meta":{"footnotes":""},"class_list":["post-72385","page","type-page","status-publish","hentry"],"_links":{"self":[{"href":"https:\/\/vinoeoli.it\/pt-br\/wp-json\/wp\/v2\/pages\/72385","targetHints":{"allow":["GET"]}}],"collection":[{"href":"https:\/\/vinoeoli.it\/pt-br\/wp-json\/wp\/v2\/pages"}],"about":[{"href":"https:\/\/vinoeoli.it\/pt-br\/wp-json\/wp\/v2\/types\/page"}],"author":[{"embeddable":true,"href":"https:\/\/vinoeoli.it\/pt-br\/wp-json\/wp\/v2\/users\/1"}],"replies":[{"embeddable":true,"href":"https:\/\/vinoeoli.it\/pt-br\/wp-json\/wp\/v2\/comments?post=72385"}],"version-history":[{"count":1,"href":"https:\/\/vinoeoli.it\/pt-br\/wp-json\/wp\/v2\/pages\/72385\/revisions"}],"predecessor-version":[{"id":72386,"href":"https:\/\/vinoeoli.it\/pt-br\/wp-json\/wp\/v2\/pages\/72385\/revisions\/72386"}],"wp:attachment":[{"href":"https:\/\/vinoeoli.it\/pt-br\/wp-json\/wp\/v2\/media?parent=72385"}],"curies":[{"name":"wp","href":"https:\/\/api.w.org\/{rel}","templated":true}]}}