{"id":72383,"date":"2025-08-28T11:08:34","date_gmt":"2025-08-28T11:08:34","guid":{"rendered":"https:\/\/vinoeoli.it\/ferias\/"},"modified":"2025-11-21T15:58:35","modified_gmt":"2025-11-21T15:58:35","slug":"ferias","status":"publish","type":"page","link":"https:\/\/vinoeoli.it\/pt-br\/ferias\/","title":{"rendered":"F\u00c9RIAS"},"content":{"rendered":"<div class=\"et_pb_section_0 et_pb_section et_section_regular et_block_section\">\n<div class=\"et_pb_row_0 et_pb_row et_pb_equal_columns et_pb_gutters1 et_block_row\">\n<div class=\"et_pb_column_0 et_pb_column et_pb_column_3_5 et_block_column et_pb_css_mix_blend_mode_passthrough\">\n<div class=\"et_pb_cta_0 et_pb_promo et_pb_bg_layout_dark et_pb_module et_block_module\"><div class=\"et_pb_promo_description\"><h2 class=\"et_pb_module_header\">Nosso sal\u00e3o<\/h2><\/div><div class=\"et_pb_button_wrapper\"><a class=\"et_pb_button et_pb_promo_button\" href=\"https:\/\/vinoeoli.it\/pt-br\/apartamentos\/\" data-icon=\"$\">VISITE NOSSOS APARTAMENTOS<\/a><\/div><\/div>\n<\/div>\n\n<div class=\"et_pb_column_1 et_pb_column et_pb_column_2_5 et-last-child et_block_column et_pb_css_mix_blend_mode_passthrough\">\n<div class=\"et_pb_cta_1 et_pb_promo et_pb_bg_layout_dark et_pb_module et_block_module\"><div class=\"et_pb_promo_description\"><h2 class=\"et_pb_module_header\">NOSSA VIZINHAN\u00c7A<\/h2><\/div><div class=\"et_pb_button_wrapper\"><a class=\"et_pb_button et_pb_promo_button\" href=\"https:\/\/vinoeoli.it\/pt-br\/apartamentos\/\" data-icon=\"$\">VISITE NOSSOS APARTAMENTOS<\/a><\/div><\/div>\n\n<div class=\"et_pb_cta_2 et_pb_promo et_pb_bg_layout_dark et_pb_module et_block_module\"><div class=\"et_pb_promo_description\"><h2 class=\"et_pb_module_header\">A ELEG\u00c2NCIA DE OUTROS TEMPOS<\/h2><\/div><div class=\"et_pb_button_wrapper\"><a class=\"et_pb_button et_pb_promo_button\" href=\"https:\/\/vinoeoli.it\/pt-br\/apartamentos\/\" data-icon=\"$\">VISITE NOSSOS APARTAMENTOS<\/a><\/div><\/div>\n<\/div>\n<\/div>\n<\/div>\n\n<div class=\"et_pb_section_1 et_pb_section et_section_regular et_flex_section\">\n<div class=\"et_pb_row_1 et_pb_row et_flex_row\">\n<div class=\"et_pb_column_2 et_pb_column et-last-child et_flex_column et_pb_css_mix_blend_mode_passthrough et_flex_column_24_24\">\n<div class=\"et_pb_text_0 et_pb_text et_pb_bg_layout_light et_pb_module et_block_module\"><div class=\"et_pb_text_inner\"><h1><span>ELEG\u00c2NCIA E ESTILO NO CORA\u00c7\u00c3O DA CIDADE ETERNA<\/span><\/h1>\n<\/div><\/div>\n\n<div class=\"et_pb_text_1 et_pb_text et_pb_bg_layout_light et_pb_module et_block_module\"><div class=\"et_pb_text_inner\"><p>Imagine acordar em Roma, no bairro mais aut\u00eantico e elegante, a poucos passos da magnific\u00eancia de S\u00e3o Pedro. Imagine sair e encontrar n\u00e3o s\u00f3 a hist\u00f3ria, mas a verdadeira vida dos romanos, entre caf\u00e9s hist\u00f3ricos, boutiques e restaurantes t\u00edpicos. <\/p>\n<p>Isto n\u00e3o \u00e9 um hotel, \u00e9 o seu ninho privado no cora\u00e7\u00e3o de Roma. Vino e Oli Residenze oferece-lhe a oportunidade \u00fanica de viver a cidade ao seu pr\u00f3prio ritmo, unindo a independ\u00eancia de uma casa de charme ao conforto de um servi\u00e7o impec\u00e1vel. <\/p>\n<\/div><\/div>\n<\/div>\n<\/div>\n<\/div>\n\n<div class=\"et_pb_section_2 et_pb_section et_section_regular et_block_section\">\n<div class=\"et_pb_row_2 et_pb_row et_pb_equal_columns et_pb_gutters2 et_block_row\">\n<div class=\"et_pb_column_3 et_pb_column et_pb_column_1_2 et_block_column et_pb_css_mix_blend_mode_passthrough\">\n<div class=\"et_pb_text_2 et_pb_text et_pb_bg_layout_light et_pb_module et_block_module\"><div class=\"et_pb_text_inner\"><h1><b>CARACTER\u00cdSTICAS DOS APARTAMENTOS<\/b><\/h1>\n<\/div><\/div>\n\n<div class=\"et_pb_text_3 et_pb_text et_pb_bg_layout_light et_pb_module et_block_module\"><div class=\"et_pb_text_inner\"><p>Cada unidade, com superf\u00edcie entre os 45 e os 60 m\u00b2, est\u00e1 completamente mobilada e equipada com tudo o que \u00e9 necess\u00e1rio para garantir uma estadia confort\u00e1vel.<\/p>\n<\/div><\/div>\n\n<div class=\"et_pb_blurb_0 et_pb_blurb et_pb_bg_layout_light et_pb_text_align_left et_pb_blurb_position_left et_pb_module et_block_module\"><div class=\"et_pb_blurb_content\"><div class=\"et_pb_main_blurb_image\"><span class=\"et_pb_image_wrap\"><span class=\"et-pb-icon et-waypoint et_pb_animation_off et_pb_animation_off_tablet et_pb_animation_off_phone\">Z<\/span><\/span><\/div><div class=\"et_pb_blurb_container\"><h4 class=\"et_pb_module_header\">Cozinha equipada com zona de refei\u00e7\u00f5es<\/h4><\/div><\/div><\/div>\n\n<div class=\"et_pb_blurb_1 et_pb_blurb et_pb_bg_layout_light et_pb_text_align_left et_pb_blurb_position_left et_pb_module et_block_module\"><div class=\"et_pb_blurb_content\"><div class=\"et_pb_main_blurb_image\"><span class=\"et_pb_image_wrap\"><span class=\"et-pb-icon et-waypoint et_pb_animation_off et_pb_animation_off_tablet et_pb_animation_off_phone\">Z<\/span><\/span><\/div><div class=\"et_pb_blurb_container\"><h4 class=\"et_pb_module_header\">Sala de estar luminosa e acolhedora<\/h4><\/div><\/div><\/div>\n\n<div class=\"et_pb_blurb_2 et_pb_blurb et_pb_bg_layout_light et_pb_text_align_left et_pb_blurb_position_left et_pb_module et_block_module\"><div class=\"et_pb_blurb_content\"><div class=\"et_pb_main_blurb_image\"><span class=\"et_pb_image_wrap\"><span class=\"et-pb-icon et-waypoint et_pb_animation_off et_pb_animation_off_tablet et_pb_animation_off_phone\">Z<\/span><\/span><\/div><div class=\"et_pb_blurb_container\"><h4 class=\"et_pb_module_header\">Liga\u00e7\u00e3o Wi-Fi r\u00e1pida<\/h4><\/div><\/div><\/div>\n\n<div class=\"et_pb_blurb_3 et_pb_blurb et_pb_bg_layout_light et_pb_text_align_left et_pb_blurb_position_left et_pb_module et_block_module\"><div class=\"et_pb_blurb_content\"><div class=\"et_pb_main_blurb_image\"><span class=\"et_pb_image_wrap\"><span class=\"et-pb-icon et-waypoint et_pb_animation_off et_pb_animation_off_tablet et_pb_animation_off_phone\">Z<\/span><\/span><\/div><div class=\"et_pb_blurb_container\"><h4 class=\"et_pb_module_header\">Climatiza\u00e7\u00e3o aut\u00f3noma<\/h4><\/div><\/div><\/div>\n\n<div class=\"et_pb_blurb_4 et_pb_blurb et_pb_bg_layout_light et_pb_text_align_left et_pb_blurb_position_left et_pb_module et_block_module\"><div class=\"et_pb_blurb_content\"><div class=\"et_pb_main_blurb_image\"><span class=\"et_pb_image_wrap\"><span class=\"et-pb-icon et-waypoint et_pb_animation_off et_pb_animation_off_tablet et_pb_animation_off_phone\">Z<\/span><\/span><\/div><div class=\"et_pb_blurb_container\"><h4 class=\"et_pb_module_header\">Servi\u00e7o de limpeza dispon\u00edvel mediante pedido<\/h4><\/div><\/div><\/div>\n\n<div class=\"et_pb_blurb_5 et_pb_blurb et_pb_bg_layout_light et_pb_text_align_left et_pb_blurb_position_left et_pb_module et_block_module\"><div class=\"et_pb_blurb_content\"><div class=\"et_pb_main_blurb_image\"><span class=\"et_pb_image_wrap\"><span class=\"et-pb-icon et-waypoint et_pb_animation_off et_pb_animation_off_tablet et_pb_animation_off_phone\">Z<\/span><\/span><\/div><div class=\"et_pb_blurb_container\"><h4 class=\"et_pb_module_header\">Apoio ao cliente dedicado<\/h4><\/div><\/div><\/div>\n\n<div class=\"et_pb_text_4 et_pb_text et_pb_bg_layout_light et_pb_module et_block_module\"><div class=\"et_pb_text_inner\"><p>Algumas unidades est\u00e3o equipadas com micro-ondas, m\u00e1quina de lavar roupa, filtro de ar e outras comodidades adicionais.<\/p>\n<\/div><\/div>\n\n<div class=\"et_pb_module et_pb_button_module_wrapper et_pb_button_0_wrapper\"><a class=\"et_pb_button_0 et_pb_button et_pb_bg_layout_light et_pb_module et_block_module\" href=\"https:\/\/vinoeoli.it\/pt-br\/contatos\/\" data-icon=\"\uf105\">PEDIR INFORMA\u00c7\u00d5ES<\/a><\/div>\n<\/div>\n\n<div class=\"et_pb_column_4 et_pb_column et_pb_column_1_2 et-last-child et_block_column et_pb_css_mix_blend_mode_passthrough\">\n<div class=\"et_pb_image_0 et_pb_image et_pb_module et_block_module\"><span class=\"et_pb_image_wrap\"><img loading=\"lazy\" decoding=\"async\" src=\"https:\/\/vinoeoli.it\/wp-content\/uploads\/2025\/11\/Vetrina-Appartamento-3-5.jpg\" width=\"929\" height=\"929\" srcset=\"https:\/\/vinoeoli.it\/wp-content\/uploads\/2025\/11\/Vetrina-Appartamento-3-5.jpg 929w, https:\/\/vinoeoli.it\/wp-content\/uploads\/2025\/11\/Vetrina-Appartamento-3-5-480x480.jpg 480w\" sizes=\"(min-width: 0px) and (max-width: 480px) 480px, (min-width: 481px) 929px, 100vw\" class=\"wp-image-71663\" title=\"new-section-1 (1)\" \/><\/span><\/div>\n<\/div>\n<\/div>\n<\/div>\n\n<div class=\"et_pb_section_3 et_pb_section et_section_regular et_flex_section\">\n<div class=\"et_pb_row_3 et_pb_row et_flex_row\">\n<div class=\"et_pb_column_5 et_pb_column et-last-child et_flex_column et_pb_css_mix_blend_mode_passthrough et_flex_column_24_24\">\n<div class=\"et_pb_text_5 et_pb_text et_pb_bg_layout_light et_pb_module et_block_module\"><div class=\"et_pb_text_inner\"><h1><span>PORQU\u00ca ESCOLHER VINO E OLI<\/span><\/h1>\n<\/div><\/div>\n<\/div>\n<\/div>\n<\/div>\n\n<div class=\"et_pb_section_4 et_pb_section et_section_specialty et_pb_gutters2 et_block_section\"><div class=\"et_pb_row et_block_row\">\n<div class=\"et_pb_column_6 et_pb_column et_pb_specialty_column et_pb_column_1_2 et_block_column et_pb_css_mix_blend_mode_passthrough\">\n<div class=\"et_pb_row_inner_0 et_pb_row_inner et_block_row\">\n<div class=\"et_pb_column_inner_0 et_pb_column_inner et_pb_column et_pb_column_1_4 et_block_column et_pb_css_mix_blend_mode_passthrough\">\n<div class=\"et_pb_image_1 et_pb_image et_pb_module et_block_module\"><span class=\"et_pb_image_wrap\"><img loading=\"lazy\" decoding=\"async\" src=\"https:\/\/vinoeoli.it\/wp-content\/uploads\/2025\/11\/SITO_SETTEMBRE_VINOEOLI-43.jpg\" width=\"700\" height=\"700\" srcset=\"https:\/\/vinoeoli.it\/wp-content\/uploads\/2025\/11\/SITO_SETTEMBRE_VINOEOLI-43.jpg 700w, https:\/\/vinoeoli.it\/wp-content\/uploads\/2025\/11\/SITO_SETTEMBRE_VINOEOLI-43-480x480.jpg 480w\" sizes=\"(min-width: 0px) and (max-width: 480px) 480px, (min-width: 481px) 700px, 100vw\" class=\"wp-image-71664\" \/><\/span><\/div>\n<\/div>\n\n<div class=\"et_pb_column_inner_1 et_pb_column_inner et_pb_column et_pb_column_1_4 et-last-child et_block_column et_pb_css_mix_blend_mode_passthrough\">\n<div class=\"et_pb_image_2 et_pb_image et_pb_module et_block_module\"><span class=\"et_pb_image_wrap\"><img loading=\"lazy\" decoding=\"async\" src=\"https:\/\/vinoeoli.it\/wp-content\/uploads\/2025\/11\/SITO_SETTEMBRE_VINOEOLI-64.jpg\" width=\"700\" height=\"700\" srcset=\"https:\/\/vinoeoli.it\/wp-content\/uploads\/2025\/11\/SITO_SETTEMBRE_VINOEOLI-64.jpg 700w, https:\/\/vinoeoli.it\/wp-content\/uploads\/2025\/11\/SITO_SETTEMBRE_VINOEOLI-64-480x480.jpg 480w\" sizes=\"(min-width: 0px) and (max-width: 480px) 480px, (min-width: 481px) 700px, 100vw\" class=\"wp-image-71665\" \/><\/span><\/div>\n<\/div>\n<\/div>\n\n<div class=\"et_pb_row_inner_1 et_pb_row_inner et_block_row\">\n<div class=\"et_pb_column_inner_2 et_pb_column_inner et_pb_column et_pb_column_1_4 et_block_column et_pb_css_mix_blend_mode_passthrough\">\n<div class=\"et_pb_image_3 et_pb_image et_pb_module et_block_module\"><span class=\"et_pb_image_wrap\"><img loading=\"lazy\" decoding=\"async\" src=\"https:\/\/vinoeoli.it\/wp-content\/uploads\/2025\/11\/SITO_SETTEMBRE_VINOEOLI-8.jpg\" width=\"700\" height=\"700\" srcset=\"https:\/\/vinoeoli.it\/wp-content\/uploads\/2025\/11\/SITO_SETTEMBRE_VINOEOLI-8.jpg 700w, https:\/\/vinoeoli.it\/wp-content\/uploads\/2025\/11\/SITO_SETTEMBRE_VINOEOLI-8-480x480.jpg 480w\" sizes=\"(min-width: 0px) and (max-width: 480px) 480px, (min-width: 481px) 700px, 100vw\" class=\"wp-image-71666\" \/><\/span><\/div>\n<\/div>\n\n<div class=\"et_pb_column_inner_3 et_pb_column_inner et_pb_column et_pb_column_1_4 et-last-child et_block_column et_pb_css_mix_blend_mode_passthrough\">\n<div class=\"et_pb_image_4 et_pb_image et_pb_module et_block_module\"><span class=\"et_pb_image_wrap\"><img loading=\"lazy\" decoding=\"async\" src=\"https:\/\/vinoeoli.it\/wp-content\/uploads\/2025\/11\/SITO_SETTEMBRE_VINOEOLI-26.jpg\" width=\"700\" height=\"700\" srcset=\"https:\/\/vinoeoli.it\/wp-content\/uploads\/2025\/11\/SITO_SETTEMBRE_VINOEOLI-26.jpg 700w, https:\/\/vinoeoli.it\/wp-content\/uploads\/2025\/11\/SITO_SETTEMBRE_VINOEOLI-26-480x480.jpg 480w\" sizes=\"(min-width: 0px) and (max-width: 480px) 480px, (min-width: 481px) 700px, 100vw\" class=\"wp-image-71667\" \/><\/span><\/div>\n<\/div>\n<\/div>\n<\/div>\n\n<div class=\"et_pb_column_7 et_pb_column et_pb_column_single et_pb_column_1_2 et-last-child et_block_column et_pb_css_mix_blend_mode_passthrough\">\n<div class=\"et_pb_text_6 et_pb_text et_pb_bg_layout_light et_pb_module et_block_module\"><div class=\"et_pb_text_inner\"><h1><span>UMA LOCALIZA\u00c7\u00c3O A UM PASSO DE TUDO<\/span><\/h1>\n<\/div><\/div>\n\n<div class=\"et_pb_text_7 et_pb_text et_pb_bg_layout_light et_pb_module et_block_module\"><div class=\"et_pb_text_inner\"><p><span>As nossas resid\u00eancias encontram-se no prestigiado bairro Prati, a base perfeita para a sua aventura romana. V\u00e1 a p\u00e9 aos Museus do Vaticano e \u00e0 Bas\u00edlica de S\u00e3o Pedro e, depois, com o metro Ottaviano a apenas 100 metros, estar\u00e1 em poucos minutos no Coliseu, na Pra\u00e7a de Espanha ou na Fonte de Trevi. Viva o melhor de dois mundos: a tranquilidade de uma zona senhorial e a comodidade de ter toda a Roma ao seu alcance.  <\/span><\/p>\n<\/div><\/div>\n\n<div class=\"et_pb_text_8 et_pb_text et_pb_bg_layout_light et_pb_module et_block_module\"><div class=\"et_pb_text_inner\"><h1><span>A LIBERDADE QUE S\u00d3 UMA CASA LHE PODE DAR<\/span><\/h1>\n<\/div><\/div>\n\n<div class=\"et_pb_text_9 et_pb_text et_pb_bg_layout_light et_pb_module et_block_module\"><div class=\"et_pb_text_inner\"><p><span>Cada apartamento, dos 45 aos 60 m\u00b2, \u00e9 uma pequena joia de estilo e funcionalidade, decorado com gosto para lhe garantir um o\u00e1sis de relaxamento ap\u00f3s um dia de descobertas. Prepare um pequeno-almo\u00e7o com calma na sua cozinha equipada, relaxe na sala luminosa a planear o itiner\u00e1rio do dia seguinte e partilhe os seus melhores momentos gra\u00e7as \u00e0 liga\u00e7\u00e3o Wi-Fi r\u00e1pida. <\/span><\/p>\n<\/div><\/div>\n\n<div class=\"et_pb_module et_pb_button_module_wrapper et_pb_button_1_wrapper\"><a class=\"et_pb_button_1 et_pb_button et_pb_bg_layout_light et_pb_module et_block_module\" href=\"https:\/\/vinoeoli.it\/pt-br\/apartamentos\/\" data-icon=\"\uf105\">OS NOSSOS APARTAMENTOS<\/a><\/div>\n<\/div>\n<\/div><\/div>\n\n<div class=\"et_pb_section_5 et_pb_section et_section_specialty et_pb_gutters2 et_block_section\"><div class=\"et_pb_row et_block_row\">\n<div class=\"et_pb_column_8 et_pb_column et_pb_specialty_column et_pb_column_1_2 et_block_column et_pb_css_mix_blend_mode_passthrough\">\n<div class=\"et_pb_row_inner_2 et_pb_row_inner et_block_row\">\n<div class=\"et_pb_column_inner_4 et_pb_column_inner et_pb_column et_pb_column_1_4 et_block_column et_pb_css_mix_blend_mode_passthrough\">\n<div class=\"et_pb_image_5 et_pb_image et_pb_module et_block_module\"><span class=\"et_pb_image_wrap\"><img loading=\"lazy\" decoding=\"async\" src=\"https:\/\/vinoeoli.it\/wp-content\/uploads\/2025\/11\/Vino-e-Oli-Residenze-a-Roma-20.jpg\" width=\"700\" height=\"700\" srcset=\"https:\/\/vinoeoli.it\/wp-content\/uploads\/2025\/11\/Vino-e-Oli-Residenze-a-Roma-20.jpg 700w, https:\/\/vinoeoli.it\/wp-content\/uploads\/2025\/11\/Vino-e-Oli-Residenze-a-Roma-20-480x480.jpg 480w\" sizes=\"(min-width: 0px) and (max-width: 480px) 480px, (min-width: 481px) 700px, 100vw\" class=\"wp-image-71688\" \/><\/span><\/div>\n<\/div>\n\n<div class=\"et_pb_column_inner_5 et_pb_column_inner et_pb_column et_pb_column_1_4 et-last-child et_block_column et_pb_css_mix_blend_mode_passthrough\">\n<div class=\"et_pb_image_6 et_pb_image et_pb_module et_block_module\"><span class=\"et_pb_image_wrap\"><img loading=\"lazy\" decoding=\"async\" src=\"https:\/\/vinoeoli.it\/wp-content\/uploads\/2025\/11\/Soggiorni-medio-lungo-periodo-a-Roma-4.jpg\" width=\"700\" height=\"700\" srcset=\"https:\/\/vinoeoli.it\/wp-content\/uploads\/2025\/11\/Soggiorni-medio-lungo-periodo-a-Roma-4.jpg 700w, https:\/\/vinoeoli.it\/wp-content\/uploads\/2025\/11\/Soggiorni-medio-lungo-periodo-a-Roma-4-480x480.jpg 480w\" sizes=\"(min-width: 0px) and (max-width: 480px) 480px, (min-width: 481px) 700px, 100vw\" class=\"wp-image-71734\" \/><\/span><\/div>\n<\/div>\n<\/div>\n\n<div class=\"et_pb_row_inner_3 et_pb_row_inner et_block_row\">\n<div class=\"et_pb_column_inner_6 et_pb_column_inner et_pb_column et_pb_column_1_4 et_block_column et_pb_css_mix_blend_mode_passthrough\">\n<div class=\"et_pb_image_7 et_pb_image et_pb_module et_block_module\"><span class=\"et_pb_image_wrap\"><img loading=\"lazy\" decoding=\"async\" src=\"https:\/\/vinoeoli.it\/wp-content\/uploads\/2025\/11\/Luxury-apartments-in-Rome-13.jpg\" width=\"700\" height=\"700\" srcset=\"https:\/\/vinoeoli.it\/wp-content\/uploads\/2025\/11\/Luxury-apartments-in-Rome-13.jpg 700w, https:\/\/vinoeoli.it\/wp-content\/uploads\/2025\/11\/Luxury-apartments-in-Rome-13-480x480.jpg 480w\" sizes=\"(min-width: 0px) and (max-width: 480px) 480px, (min-width: 481px) 700px, 100vw\" class=\"wp-image-71729\" \/><\/span><\/div>\n<\/div>\n\n<div class=\"et_pb_column_inner_7 et_pb_column_inner et_pb_column et_pb_column_1_4 et-last-child et_block_column et_pb_css_mix_blend_mode_passthrough\">\n<div class=\"et_pb_image_8 et_pb_image et_pb_module et_block_module\"><span class=\"et_pb_image_wrap\"><img loading=\"lazy\" decoding=\"async\" src=\"https:\/\/vinoeoli.it\/wp-content\/uploads\/2025\/11\/Luxury-apartments-in-Rome-5.jpg\" width=\"700\" height=\"700\" srcset=\"https:\/\/vinoeoli.it\/wp-content\/uploads\/2025\/11\/Luxury-apartments-in-Rome-5.jpg 700w, https:\/\/vinoeoli.it\/wp-content\/uploads\/2025\/11\/Luxury-apartments-in-Rome-5-480x480.jpg 480w\" sizes=\"(min-width: 0px) and (max-width: 480px) 480px, (min-width: 481px) 700px, 100vw\" class=\"wp-image-71721\" \/><\/span><\/div>\n<\/div>\n<\/div>\n<\/div>\n\n<div class=\"et_pb_column_9 et_pb_column et_pb_column_single et_pb_column_1_2 et-last-child et_block_column et_pb_css_mix_blend_mode_passthrough\">\n<div class=\"et_pb_text_10 et_pb_text et_pb_bg_layout_light et_pb_module et_block_module\"><div class=\"et_pb_text_inner\"><h1><span>A LIBERDADE QUE S\u00d3 UMA CASA LHE PODE DAR<\/span><\/h1>\n<\/div><\/div>\n\n<div class=\"et_pb_text_11 et_pb_text et_pb_bg_layout_light et_pb_module et_block_module\"><div class=\"et_pb_text_inner\"><p><span>Esque\u00e7a os hor\u00e1rios da rece\u00e7\u00e3o e as multid\u00f5es dos hot\u00e9is. Connosco tem a total liberdade de viver a cidade ao seu ritmo. Desfrute de um aperitivo em casa antes do jantar, regresse quando quiser e sinta-se n\u00e3o um simples turista, mas um verdadeiro habitante de Roma. A sua privacidade e a sua independ\u00eancia s\u00e3o a nossa prioridade.   <\/span><\/p>\n<\/div><\/div>\n\n<div class=\"et_pb_text_12 et_pb_text et_pb_bg_layout_light et_pb_module et_block_module\"><div class=\"et_pb_text_inner\"><h1><span>MAIS DO QUE UMA ESTADIA, UMA EXPERI\u00caNCIA<\/span><\/h1>\n<\/div><\/div>\n\n<div class=\"et_pb_text_13 et_pb_text et_pb_bg_layout_light et_pb_module et_block_module\"><div class=\"et_pb_text_inner\"><p><span>A nossa equipa est\u00e1 \u00e0 sua inteira disposi\u00e7\u00e3o n\u00e3o s\u00f3 para assist\u00eancia, mas para lhe dar a conhecer a Roma mais aut\u00eantica. Pe\u00e7a-nos conselhos sobre um restaurante escondido, sobre como evitar as filas num museu ou sobre qual \u00e9 o mercado de bairro mais caracter\u00edstico. Estamos aqui para tornar a sua estadia inesquec\u00edvel.  <\/span><\/p>\n<\/div><\/div>\n\n<div class=\"et_pb_module et_pb_button_module_wrapper et_pb_button_2_wrapper\"><a class=\"et_pb_button_2 et_pb_button et_pb_bg_layout_light et_pb_module et_block_module\" href=\"https:\/\/vinoeoli.it\/pt-br\/apartamentos\/\" data-icon=\"\uf105\">OS NOSSOS APARTAMENTOS<\/a><\/div>\n<\/div>\n<\/div><\/div>\n\n<div class=\"et_pb_section_6 et_pb_section et_section_regular et_block_section\">\n<div class=\"et_pb_row_4 et_pb_row et_pb_equal_columns et_pb_gutters2 et_block_row\">\n<div class=\"et_pb_column_10 et_pb_column et_pb_column_4_4 et-last-child et_block_column et_pb_css_mix_blend_mode_passthrough\">\n<div class=\"et_pb_text_14 et_pb_text et_pb_bg_layout_light et_pb_module et_block_module\"><div class=\"et_pb_text_inner\"><h3><b>PEDIDO DE INFORMA\u00c7\u00d5ES<\/b><\/h3>\n<\/div><\/div>\n<\/div>\n<\/div>\n\n<div class=\"et_pb_row_5 et_pb_row et_pb_equal_columns et_pb_gutters2 et_block_row\">\n<div class=\"et_pb_column_11 et_pb_column et_pb_column_1_3 et_block_column et_pb_css_mix_blend_mode_passthrough\">\n<div class=\"et_pb_blurb_6 et_pb_blurb et_pb_bg_layout_light et_pb_text_align_left et_pb_blurb_position_left et_pb_module et_block_module\"><div class=\"et_pb_blurb_content\"><div class=\"et_pb_main_blurb_image\"><span class=\"et_pb_image_wrap\"><span class=\"et-pb-icon et-waypoint et_pb_animation_off et_pb_animation_off_tablet et_pb_animation_off_phone\">\uf879<\/span><\/span><\/div><div class=\"et_pb_blurb_container\"><h4 class=\"et_pb_module_header\">+39 06 375 16 346<\/h4><\/div><\/div><\/div>\n<\/div>\n\n<div class=\"et_pb_column_12 et_pb_column et_pb_column_1_3 et_block_column et_pb_css_mix_blend_mode_passthrough\">\n<div class=\"et_pb_blurb_7 et_pb_blurb et_pb_bg_layout_light et_pb_text_align_left et_pb_blurb_position_left et_pb_module et_block_module\"><div class=\"et_pb_blurb_content\"><div class=\"et_pb_main_blurb_image\"><span class=\"et_pb_image_wrap\"><span class=\"et-pb-icon et-waypoint et_pb_animation_off et_pb_animation_off_tablet et_pb_animation_off_phone\">\ue076<\/span><\/span><\/div><div class=\"et_pb_blurb_container\"><h4 class=\"et_pb_module_header\">residenze@vinoeoli.it<\/h4><\/div><\/div><\/div>\n<\/div>\n\n<div class=\"et_pb_column_13 et_pb_column et_pb_column_1_3 et-last-child et_block_column et_pb_column_empty et_pb_css_mix_blend_mode_passthrough\"><\/div>\n<\/div>\n\n<div class=\"et_pb_row_6 et_pb_row et_pb_equal_columns et_pb_gutters2 et_block_row\">\n<div class=\"et_pb_column_14 et_pb_column et_pb_column_1_3 et_block_column et_pb_css_mix_blend_mode_passthrough\">\n<div class=\"et_pb_text_15 et_pb_text et_pb_bg_layout_light et_pb_module et_block_module\"><div class=\"et_pb_text_inner\"><p>Utilizza il modulo per inviare una richiesta, ricevere informazioni oppure per effetturare una prenotazione.<\/p>\n<p>Utilize o formul\u00e1rio para enviar um pedido, receber informa\u00e7\u00f5es ou para efetuar uma reserva. A equipa da Vino e Oli Residenze est\u00e1 \u00e0 disposi\u00e7\u00e3o para fornecer propostas personalizadas, de forma r\u00e1pida e sem compromisso.<\/p>\n<p>Vino e Oli Residenze: uma estadia em Roma com o conforto de casa e a liberdade de se mover no cora\u00e7\u00e3o da cidade.<\/p>\n<\/div><\/div>\n<\/div>\n\n<div class=\"et_pb_column_15 et_pb_column et_pb_column_2_3 et-last-child et_block_column et_pb_css_mix_blend_mode_passthrough\">\n<div class=\"et_pb_contact_form_0 et_pb_contact_form_container clearfix et_pb_module et_flex_module\" data-form_unique_num=\"0\" data-form_unique_id=\"90b83303-20a5-4f43-8b92-5136931e372a\" id=\"et_pb_contact_form_0\"><div class=\"et-pb-contact-message\"><\/div><div class=\"et_pb_contact\"><form class=\"et_pb_contact_form et_flex_module\" method=\"post\" action=\"https:\/\/vinoeoli.it\/pt-br\/wp-json\/wp\/v2\/pages\/72383\">\n<div class=\"et_pb_contact_field_0 et_pb_contact_field et_pb_module et_flex_module et_flex_column_24_24\" data-id=\"name_2\" data-type=\"input\"><label class=\"et_pb_contact_form_label\">Nome\/Apelido<\/label><input type=\"text\" name=\"et_pb_contact_0_name_2_0\" id=\"et_pb_contact_0_name_2_0\" class=\"input\" data-required_mark=\"required\" data-field_type=\"input\" data-original_id=\"name_2\" placeholder=\"Nome\/Apelido\" title=\"\" value=\"\" \/><\/div>\n\n<div class=\"et_pb_contact_field_1 et_pb_contact_field et_pb_module et_flex_module et_flex_column_24_24\" data-id=\"phone_number_2\" data-type=\"input\"><label class=\"et_pb_contact_form_label\">Telefone<\/label><input type=\"text\" name=\"et_pb_contact_0_phone_number_2_1\" id=\"et_pb_contact_0_phone_number_2_1\" class=\"input\" data-required_mark=\"required\" data-field_type=\"input\" data-original_id=\"phone_number_2\" placeholder=\"Telefone\" title=\"\" value=\"\" \/><\/div>\n\n<div class=\"et_pb_contact_field_2 et_pb_contact_field et_pb_module et_flex_module et_flex_column_24_24\" data-id=\"company_name_2\" data-type=\"input\"><label class=\"et_pb_contact_form_label\">Empresa<\/label><input type=\"text\" name=\"et_pb_contact_0_company_name_2_2\" id=\"et_pb_contact_0_company_name_2_2\" class=\"input\" data-required_mark=\"not_required\" data-field_type=\"input\" data-original_id=\"company_name_2\" placeholder=\"Empresa\" title=\"\" value=\"\" \/><\/div>\n\n<div class=\"et_pb_contact_field_3 et_pb_contact_field et_pb_module et_flex_module et_flex_column_24_24\" data-id=\"email_2\" data-type=\"email\"><label class=\"et_pb_contact_form_label\">Email<\/label><input type=\"text\" name=\"et_pb_contact_0_email_2_3\" id=\"et_pb_contact_0_email_2_3\" class=\"input\" data-required_mark=\"required\" data-field_type=\"email\" data-original_id=\"email_2\" placeholder=\"Email\" title=\"\" value=\"\" \/><\/div>\n\n<div class=\"et_pb_contact_field_4 et_pb_contact_field et_pb_module et_flex_module et_flex_column_24_24\" data-id=\"message_2\" data-type=\"text\"><label class=\"et_pb_contact_form_label\">O seu pedido<\/label><textarea name=\"et_pb_contact_0_message_2_4\" id=\"et_pb_contact_0_message_2_4\" class=\"et_pb_contact_message input\" data-required_mark=\"required\" data-field_type=\"text\" data-original_id=\"message_2\" placeholder=\"O seu pedido\"><\/textarea><\/div>\n<input type=\"hidden\" name=\"et_pb_contactform_submit_0\" value=\"et_contact_proccess\" \/><div class=\"et_contact_bottom_container\"><div class=\"et_pb_button_wrapper\"><button type=\"submit\" name=\"et_builder_submit_button\" class=\"et_pb_button et_pb_contact_submit\">ENVIAR PEDIDO<\/button><\/div><\/div><input type=\"hidden\" id=\"_wpnonce-et-pb-contact-form-submitted-0\" name=\"_wpnonce-et-pb-contact-form-submitted-0\" value=\"162c66877d\" \/><input type=\"hidden\" name=\"_wp_http_referer\" value=\"\/pt-br\/wp-json\/wp\/v2\/pages\/72383\" \/><\/form><\/div><\/div>\n<\/div>\n<\/div>\n<\/div>","protected":false},"excerpt":{"rendered":"","protected":false},"author":1,"featured_media":0,"parent":0,"menu_order":0,"comment_status":"closed","ping_status":"closed","template":"","meta":{"footnotes":""},"class_list":["post-72383","page","type-page","status-publish","hentry"],"_links":{"self":[{"href":"https:\/\/vinoeoli.it\/pt-br\/wp-json\/wp\/v2\/pages\/72383","targetHints":{"allow":["GET"]}}],"collection":[{"href":"https:\/\/vinoeoli.it\/pt-br\/wp-json\/wp\/v2\/pages"}],"about":[{"href":"https:\/\/vinoeoli.it\/pt-br\/wp-json\/wp\/v2\/types\/page"}],"author":[{"embeddable":true,"href":"https:\/\/vinoeoli.it\/pt-br\/wp-json\/wp\/v2\/users\/1"}],"replies":[{"embeddable":true,"href":"https:\/\/vinoeoli.it\/pt-br\/wp-json\/wp\/v2\/comments?post=72383"}],"version-history":[{"count":2,"href":"https:\/\/vinoeoli.it\/pt-br\/wp-json\/wp\/v2\/pages\/72383\/revisions"}],"predecessor-version":[{"id":72559,"href":"https:\/\/vinoeoli.it\/pt-br\/wp-json\/wp\/v2\/pages\/72383\/revisions\/72559"}],"wp:attachment":[{"href":"https:\/\/vinoeoli.it\/pt-br\/wp-json\/wp\/v2\/media?parent=72383"}],"curies":[{"name":"wp","href":"https:\/\/api.w.org\/{rel}","templated":true}]}}