{"id":72381,"date":"2025-08-20T09:59:46","date_gmt":"2025-08-20T09:59:46","guid":{"rendered":"https:\/\/vinoeoli.it\/home-page\/"},"modified":"2025-11-21T15:55:44","modified_gmt":"2025-11-21T15:55:44","slug":"home-page","status":"publish","type":"page","link":"https:\/\/vinoeoli.it\/pt-br\/","title":{"rendered":"Home Page"},"content":{"rendered":"<div class=\"et_pb_section_0 et_pb_section et_section_regular et_block_section\">\n<div class=\"et_pb_row_0 et_pb_row et_pb_equal_columns et_pb_gutters1 et_block_row\">\n<div class=\"et_pb_column_0 et_pb_column et_pb_column_3_5 et_block_column et_pb_css_mix_blend_mode_passthrough\">\n<div class=\"et_pb_cta_0 et_pb_promo et_pb_bg_layout_dark et_pb_module et_block_module\"><div class=\"et_pb_promo_description\"><h2 class=\"et_pb_module_header\">VINO E OLI<\/h2><\/div><div class=\"et_pb_button_wrapper\"><a class=\"et_pb_button et_pb_promo_button\" href=\"https:\/\/vinoeoli.it\/pt-br\/apartamentos\/\" data-icon=\"$\">OS NOSSOS APARTAMENTOS<\/a><\/div><\/div>\n<\/div>\n\n<div class=\"et_pb_column_1 et_pb_column et_pb_column_2_5 et-last-child et_block_column et_pb_css_mix_blend_mode_passthrough\">\n<div class=\"et_pb_cta_1 et_pb_promo et_pb_bg_layout_dark et_pb_module et_block_module\"><div class=\"et_pb_promo_description\"><h2 class=\"et_pb_module_header\">F\u00c9RIAS<\/h2><\/div><div class=\"et_pb_button_wrapper\"><a class=\"et_pb_button et_pb_promo_button\" href=\"https:\/\/vinoeoli.it\/pt-br\/ferias\/\" data-icon=\"$\">AS SUAS &quot;F\u00c9RIAS ROMANAS&quot;<\/a><\/div><\/div>\n\n<div class=\"et_pb_cta_2 et_pb_promo et_pb_bg_layout_dark et_pb_module et_block_module\"><div class=\"et_pb_promo_description\"><h2 class=\"et_pb_module_header\">HABITAR<\/h2><\/div><div class=\"et_pb_button_wrapper\"><a class=\"et_pb_button et_pb_promo_button\" href=\"https:\/\/vinoeoli.it\/pt-br\/habitar\/\" data-icon=\"$\">CONFORTO, ELEG\u00c2NCIA E INDEPEND\u00caNCIA<\/a><\/div><\/div>\n<\/div>\n<\/div>\n<\/div>\n\n<div class=\"et_pb_section_1 et_pb_section et_section_regular et_flex_section\">\n<div class=\"et_pb_row_1 et_pb_row et_flex_row\">\n<div class=\"et_pb_column_2 et_pb_column et-last-child et_flex_column et_pb_css_mix_blend_mode_passthrough et_flex_column_24_24\">\n<div class=\"et_pb_text_0 et_pb_text et_pb_bg_layout_light et_pb_module et_block_module\"><div class=\"et_pb_text_inner\"><h1>A NOSSA IDEIA DE HOSPITALIDADE<\/h1>\n<\/div><\/div>\n<\/div>\n<\/div>\n<\/div>\n\n<div class=\"et_pb_section_2 et_pb_section et_section_regular et_flex_section\">\n<div class=\"et_pb_row_2 et_pb_row et_flex_row\">\n<div class=\"et_pb_column_3 et_pb_column et-last-child et_flex_column et_pb_css_mix_blend_mode_passthrough et_flex_column_24_24\">\n<div class=\"et_pb_text_1 et_pb_text et_pb_bg_layout_light et_pb_module et_block_module\"><div class=\"et_pb_text_inner\"><div class=\"wpb_text_column wpb_content_element vc_custom_1621460035009\">\n<div class=\"wpb_wrapper\">\n<div class=\"col\">\n<p>Vino e Oli \u00e9 uma nova forma de entender a hospitalidade. A cria\u00e7\u00e3o de um espa\u00e7o de estadia multifuncional que combina conforto e beleza, design e praticidade, atmosferas tradicionais e excel\u00eancia tecnol\u00f3gica.<br \/>Vino e Oli elabora uma proposta de acolhimento inovadora, que coloca no centro a liberdade e o conforto do h\u00f3spede, superando a rigidez da hotelaria tradicional. Atrav\u00e9s do servi\u00e7o de concierge ser\u00e1 poss\u00edvel construir toda a estadia, garantindo uma flexibilidade &#8220;como se estivesse em casa&#8221;.   <\/p>\n<p>Vino e Oli \u00e9 um lugar privado e pessoal onde se pode viver uma experi\u00eancia particular da cidade e do tempo. Um hino \u00e0 excecionalidade criativa da It\u00e1lia mediterr\u00e2nica. Os ambientes s\u00e3o solarengos, acolhedores e elegantes. O sabor que os espa\u00e7os Vino e Oli restituem \u00e9 o da Roma do p\u00f3s-guerra, desde o boom econ\u00f3mico at\u00e9 aos anos 70, passando pela dolce vita.<\/p>\n<p>Vino e Oli nasce de um projeto de recupera\u00e7\u00e3o urban\u00edstica de um edif\u00edcio do in\u00edcio do s\u00e9culo XX totalmente restaurado. No interior, foram redesenhados novos espa\u00e7os para satisfazer as diferentes exig\u00eancias de hospitalidade e espa\u00e7o. A vis\u00e3o da decora\u00e7\u00e3o move-se desde a recupera\u00e7\u00e3o de materiais e t\u00e9cnicas tradicionais, ladeadas pelas mais avan\u00e7adas tecnologias de dom\u00f3tica. Pavimentos em granito (graniglia), casas de banho em puro estilo italiano, objetos de decora\u00e7\u00e3o falam a l\u00edngua do Made in Italy, criando lugares acolhedores e \u00edntimos.    <\/p>\n<p>O estilo do design italiano, a atmosfera que sabe a casa, com um olhar voltado para o passado e a consci\u00eancia tecnol\u00f3gica moderna: os espa\u00e7os Vino e Oli s\u00e3o o lugar para uma estadia perfeita, para um fim de semana rom\u00e2ntico, umas f\u00e9rias com uma ou mais fam\u00edlias ou grupos de amigos, mas tamb\u00e9m para uma viagem de neg\u00f3cios ou uma longa estadia.<\/p>\n<p><strong>QUALIDADE<\/strong><br \/>A tradi\u00e7\u00e3o da Roma bela e elegante dos anos do P\u00f3s-guerra revive com a reutiliza\u00e7\u00e3o dos pavimentos em granito t\u00edpicos da \u00e9poca, as casas de banho com azulejos e m\u00e1rmores; a escolha dos materiais e dos objetos de decora\u00e7\u00e3o fala a l\u00edngua do gosto italiano. Os espa\u00e7os est\u00e3o todos decorados de forma diferente com pe\u00e7as de design originais dos anos 50-60 e com m\u00f3veis realizados artesanalmente. \u00c9 uma escolha de beleza, uma vontade de aten\u00e7\u00e3o aos detalhes e \u00e0 qualidade dos acabamentos.  <\/p>\n<p><strong>COMODIDADE<\/strong><br \/>Os espa\u00e7os Vino e Oli s\u00e3o independentes, dotados de porta blindada, com smart card para o acesso e novas janelas insonorizadas e com corte t\u00e9rmico. Os pavimentos s\u00e3o em mosaico bicolor ou parquet. Os tapetes s\u00e3o antigos; os espelhos, as mesas de apoio, as mesas de cabeceira e os toucadores s\u00e3o Art d\u00e9co. As cozinhas s\u00e3o novas e desenhadas especificamente, com bancadas em m\u00e1rmore e portas em madeira, completamente equipadas. A liga\u00e7\u00e3o Wi-Fi \u00e9 gratuita e dispon\u00edvel em toda a estrutura. A limpeza e a mudan\u00e7a de roupa s\u00e3o moduladas com base nos pedidos ou nas exig\u00eancias do cliente.     <\/p>\n<\/div>\n<\/div>\n<\/div>\n<\/div><\/div>\n<\/div>\n<\/div>\n<\/div>\n\n<div class=\"et_pb_section_3 et_pb_section et_section_regular et_flex_section\">\n<div class=\"et_pb_row_3 et_pb_row et_flex_row\">\n<div class=\"et_pb_column_4 et_pb_column et-last-child et_flex_column et_pb_css_mix_blend_mode_passthrough et_flex_column_24_24\">\n<div class=\"et_pb_text_2 et_pb_text et_pb_bg_layout_light et_pb_module et_block_module\"><div class=\"et_pb_text_inner\"><h1>AS NOSSAS PRIORIDADES<\/h1>\n<\/div><\/div>\n<\/div>\n<\/div>\n<\/div>\n\n<div class=\"et_pb_section_4 et_pb_section et_section_regular et_flex_section\">\n<div class=\"et_pb_row_4 et_pb_row et_flex_row\">\n<div class=\"et_pb_column_5 et_pb_column et_flex_column et_pb_css_mix_blend_mode_passthrough et_flex_column_8_24 et_flex_column_24_24_phone\">\n<div class=\"et_pb_blurb_0 et_pb_blurb et_pb_bg_layout_light et_pb_text_align_justified et_pb_blurb_position_top et_pb_module et_block_module\"><div class=\"et_pb_blurb_content\"><div class=\"et_pb_main_blurb_image\"><span class=\"et_pb_image_wrap et_pb_only_image_mode_wrap\"><img loading=\"lazy\" decoding=\"async\" src=\"https:\/\/vinoeoli.it\/wp-content\/uploads\/2025\/11\/3075-WiFi-Connection-1.png\" width=\"120\" height=\"120\" sizes=\"(max-width: 120px) 100vw, 120px\" class=\"et-waypoint et_pb_animation_top et_pb_animation_top_tablet et_pb_animation_top_phone wp-image-71638\" \/><\/span><\/div><div class=\"et_pb_blurb_container\"><h4 class=\"et_pb_module_header\">Wi-Fi Fibra<\/h4><div class=\"et_pb_blurb_description\"><p><span>Navegue, trabalhe e desfrute de streaming sem interrup\u00e7\u00f5es. A nossa liga\u00e7\u00e3o Fibra a 1 Gbit\/s garante a m\u00e1xima velocidade e estabilidade para todas as suas necessidades, desde os neg\u00f3cios ao relaxamento total. <\/span><\/p>\n<\/div><\/div><\/div><\/div>\n\n<div class=\"et_pb_blurb_1 et_pb_blurb et_pb_bg_layout_light et_pb_text_align_justified et_pb_blurb_position_top et_pb_module et_block_module\"><div class=\"et_pb_blurb_content\"><div class=\"et_pb_main_blurb_image\"><span class=\"et_pb_image_wrap et_pb_only_image_mode_wrap\"><img loading=\"lazy\" decoding=\"async\" src=\"https:\/\/vinoeoli.it\/wp-content\/uploads\/2025\/11\/3034-Pet.png\" width=\"120\" height=\"120\" sizes=\"(max-width: 120px) 100vw, 120px\" class=\"et-waypoint et_pb_animation_top et_pb_animation_top_tablet et_pb_animation_top_phone wp-image-71642\" \/><\/span><\/div><div class=\"et_pb_blurb_container\"><h4 class=\"et_pb_module_header\">Amigos de quatro patas<\/h4><div class=\"et_pb_blurb_description\"><p>N\u00e3o deixe o seu amigo de quatro patas em casa: o nosso hotel \u00e9 Pet Friendly! A estadia para animais \u00e9 permitida exclusivamente mediante envio de um pedido pr\u00e9vio. Contacte-nos j\u00e1 para organizarmos juntos a sua estadia perfeita.  <\/p>\n<\/div><\/div><\/div><\/div>\n<\/div>\n\n<div class=\"et_pb_column_6 et_pb_column et_flex_column et_pb_css_mix_blend_mode_passthrough et_flex_column_8_24 et_flex_column_24_24_phone\">\n<div class=\"et_pb_blurb_2 et_pb_blurb et_pb_bg_layout_light et_pb_text_align_justified et_pb_blurb_position_top et_pb_module et_block_module\"><div class=\"et_pb_blurb_content\"><div class=\"et_pb_main_blurb_image\"><span class=\"et_pb_image_wrap et_pb_only_image_mode_wrap\"><img loading=\"lazy\" decoding=\"async\" src=\"https:\/\/vinoeoli.it\/wp-content\/uploads\/2025\/11\/3072-Five-Star-Building.png\" width=\"120\" height=\"120\" sizes=\"(max-width: 120px) 100vw, 120px\" class=\"et-waypoint et_pb_animation_top et_pb_animation_top_tablet et_pb_animation_top_phone wp-image-71639\" \/><\/span><\/div><div class=\"et_pb_blurb_container\"><h4 class=\"et_pb_module_header\">Check-in\/out Flex\u00edvel<\/h4><div class=\"et_pb_blurb_description\"><p><span>Viaje sem o stress dos hor\u00e1rios. Com o nosso sistema de self check-in pode aceder ao seu apartamento em total autonomia. Contacte-nos para combinar o hor\u00e1rio de check-out mais c\u00f3modo para si.  <\/span><\/p>\n<\/div><\/div><\/div><\/div>\n\n<div class=\"et_pb_blurb_3 et_pb_blurb et_pb_bg_layout_light et_pb_text_align_justified et_pb_blurb_position_top et_pb_module et_block_module\"><div class=\"et_pb_blurb_content\"><div class=\"et_pb_main_blurb_image\"><span class=\"et_pb_image_wrap et_pb_only_image_mode_wrap\"><img loading=\"lazy\" decoding=\"async\" src=\"https:\/\/vinoeoli.it\/wp-content\/uploads\/2025\/11\/3064-VIP-Card.png\" width=\"120\" height=\"120\" sizes=\"(max-width: 120px) 100vw, 120px\" class=\"et-waypoint et_pb_animation_top et_pb_animation_top_tablet et_pb_animation_top_phone wp-image-71643\" \/><\/span><\/div><div class=\"et_pb_blurb_container\"><h4 class=\"et_pb_module_header\">Estacionamento Convencionado<\/h4><div class=\"et_pb_blurb_description\"><p><span>Chega a Roma de carro? Sem problemas. Dispomos de uma garagem convencionada a poucos passos da estrutura. Um servi\u00e7o seguro e c\u00f3modo, a solicitar no momento da reserva.   <\/span><\/p>\n<\/div><\/div><\/div><\/div>\n<\/div>\n\n<div class=\"et_pb_column_7 et_pb_column et-last-child et_flex_column et_pb_css_mix_blend_mode_passthrough et_flex_column_8_24 et_flex_column_24_24_phone\">\n<div class=\"et_pb_blurb_4 et_pb_blurb et_pb_bg_layout_light et_pb_text_align_justified et_pb_blurb_position_top et_pb_module et_block_module\"><div class=\"et_pb_blurb_content\"><div class=\"et_pb_main_blurb_image\"><span class=\"et_pb_image_wrap et_pb_only_image_mode_wrap\"><img loading=\"lazy\" decoding=\"async\" src=\"https:\/\/vinoeoli.it\/wp-content\/uploads\/2025\/11\/3077-Vaccum-Cleaner.png\" width=\"120\" height=\"120\" sizes=\"(max-width: 120px) 100vw, 120px\" class=\"et-waypoint et_pb_animation_top et_pb_animation_top_tablet et_pb_animation_top_phone wp-image-71640\" \/><\/span><\/div><div class=\"et_pb_blurb_container\"><h4 class=\"et_pb_module_header\">Limpeza<\/h4><div class=\"et_pb_blurb_description\"><p><span>O seu conforto \u00e9 a nossa prioridade. Cada apartamento \u00e9 higienizado e preparado com o m\u00e1ximo cuidado antes da sua chegada para garantir um ambiente impec\u00e1vel e seguro durante toda a estadia. <\/span><\/p>\n<\/div><\/div><\/div><\/div>\n\n<div class=\"et_pb_blurb_5 et_pb_blurb et_pb_bg_layout_light et_pb_text_align_justified et_pb_blurb_position_top et_pb_module et_block_module\"><div class=\"et_pb_blurb_content\"><div class=\"et_pb_main_blurb_image\"><span class=\"et_pb_image_wrap et_pb_only_image_mode_wrap\"><img loading=\"lazy\" decoding=\"async\" src=\"https:\/\/vinoeoli.it\/wp-content\/uploads\/2025\/11\/3051-MiniVan.png\" width=\"120\" height=\"120\" sizes=\"(max-width: 120px) 100vw, 120px\" class=\"et-waypoint et_pb_animation_top et_pb_animation_top_tablet et_pb_animation_top_phone wp-image-71641\" \/><\/span><\/div><div class=\"et_pb_blurb_container\"><h4 class=\"et_pb_module_header\">Transfer<\/h4><div class=\"et_pb_blurb_description\"><p><span>Comece e termine a sua viagem sem stress. Organizamos transfers privados de e para os aeroportos e esta\u00e7\u00f5es ferrovi\u00e1rias. Um servi\u00e7o pontual e fi\u00e1vel para um conforto absoluto.  <\/span><\/p>\n<\/div><\/div><\/div><\/div>\n<\/div>\n<\/div>\n\n<div class=\"et_pb_row_5 et_pb_row et_flex_row\">\n<div class=\"et_pb_column_8 et_pb_column et-last-child et_flex_column et_pb_css_mix_blend_mode_passthrough et_flex_column_24_24\">\n<div class=\"et_pb_image_0 et_pb_image et_pb_module et_block_module\"><span class=\"et_pb_image_wrap\"><img loading=\"lazy\" decoding=\"async\" src=\"https:\/\/vinoeoli.it\/wp-content\/uploads\/2025\/08\/Vino-e-Oli-apartment-in-Rome.png\" width=\"397\" height=\"173\" srcset=\"https:\/\/vinoeoli.it\/wp-content\/uploads\/2025\/08\/Vino-e-Oli-apartment-in-Rome.png 397w, https:\/\/vinoeoli.it\/wp-content\/uploads\/2025\/08\/Vino-e-Oli-apartment-in-Rome-300x131.png 300w\" sizes=\"(max-width: 397px) 100vw, 397px\" class=\"wp-image-71403\" alt=\"Vino e Oli apartment in Rome\" \/><\/span><\/div>\n\n<div class=\"et_pb_text_3 et_pb_text et_pb_bg_layout_light et_pb_module et_block_module\"><div class=\"et_pb_text_inner\"><h1>Verificar disponibilidade<\/h1>\n<\/div><\/div>\n<\/div>\n<\/div>\n<\/div>\n\n<div class=\"et_pb_section_5 et_pb_section et_section_regular et_flex_section\">\n<div class=\"et_pb_row_6 et_pb_row et_flex_row\">\n<div class=\"et_pb_column_9 et_pb_column et-last-child et_flex_column et_pb_css_mix_blend_mode_passthrough et_flex_column_24_24\">\n<div class=\"et_pb_code_0 et_pb_code et_pb_module\"><div class=\"et_pb_code_inner\"><div id=\"apartmentIframeAll\">\n<script type=\"text\/javascript\" src=\"https:\/\/login.smoobu.com\/js\/Settings\/BookingToolIframe.js\"><\/script>\n<script>BookingToolIframe.initialize({\"url\": \"https:\/\/login.smoobu.com\/en\/booking-tool\/iframe\/48292\", \"baseUrl\": \"https:\/\/login.smoobu.com\", \"target\": \"#apartmentIframeAll\"})<\/script>\n<\/div><\/div><\/div>\n<\/div>\n<\/div>\n<\/div>","protected":false},"excerpt":{"rendered":"","protected":false},"author":1,"featured_media":0,"parent":0,"menu_order":0,"comment_status":"closed","ping_status":"closed","template":"","meta":{"footnotes":""},"class_list":["post-72381","page","type-page","status-publish","hentry"],"_links":{"self":[{"href":"https:\/\/vinoeoli.it\/pt-br\/wp-json\/wp\/v2\/pages\/72381","targetHints":{"allow":["GET"]}}],"collection":[{"href":"https:\/\/vinoeoli.it\/pt-br\/wp-json\/wp\/v2\/pages"}],"about":[{"href":"https:\/\/vinoeoli.it\/pt-br\/wp-json\/wp\/v2\/types\/page"}],"author":[{"embeddable":true,"href":"https:\/\/vinoeoli.it\/pt-br\/wp-json\/wp\/v2\/users\/1"}],"replies":[{"embeddable":true,"href":"https:\/\/vinoeoli.it\/pt-br\/wp-json\/wp\/v2\/comments?post=72381"}],"version-history":[{"count":7,"href":"https:\/\/vinoeoli.it\/pt-br\/wp-json\/wp\/v2\/pages\/72381\/revisions"}],"predecessor-version":[{"id":72558,"href":"https:\/\/vinoeoli.it\/pt-br\/wp-json\/wp\/v2\/pages\/72381\/revisions\/72558"}],"wp:attachment":[{"href":"https:\/\/vinoeoli.it\/pt-br\/wp-json\/wp\/v2\/media?parent=72381"}],"curies":[{"name":"wp","href":"https:\/\/api.w.org\/{rel}","templated":true}]}}