{"id":72169,"date":"2025-08-28T11:08:34","date_gmt":"2025-08-28T11:08:34","guid":{"rendered":"https:\/\/vinoeoli.it\/vacances\/"},"modified":"2025-11-20T18:06:10","modified_gmt":"2025-11-20T18:06:10","slug":"vacances","status":"publish","type":"page","link":"https:\/\/vinoeoli.it\/fr\/vacances\/","title":{"rendered":"Vacances"},"content":{"rendered":"<div class=\"et_pb_section_0 et_pb_section et_section_regular et_block_section\">\n<div class=\"et_pb_row_0 et_pb_row et_pb_equal_columns et_pb_gutters1 et_block_row\">\n<div class=\"et_pb_column_0 et_pb_column et_pb_column_3_5 et_block_column et_pb_css_mix_blend_mode_passthrough\">\n<div class=\"et_pb_cta_0 et_pb_promo et_pb_bg_layout_dark et_pb_module et_block_module\"><div class=\"et_pb_promo_description\"><h2 class=\"et_pb_module_header\">Notre salle<\/h2><\/div><div class=\"et_pb_button_wrapper\"><a class=\"et_pb_button et_pb_promo_button\" href=\"https:\/\/vinoeoli.it\/fr\/appartements\/\" data-icon=\"$\">VISITEZ NOS APPARTEMENTS<\/a><\/div><\/div>\n<\/div>\n\n<div class=\"et_pb_column_1 et_pb_column et_pb_column_2_5 et-last-child et_block_column et_pb_css_mix_blend_mode_passthrough\">\n<div class=\"et_pb_cta_1 et_pb_promo et_pb_bg_layout_dark et_pb_module et_block_module\"><div class=\"et_pb_promo_description\"><h2 class=\"et_pb_module_header\">NOTRE QUARTIER<\/h2><\/div><div class=\"et_pb_button_wrapper\"><a class=\"et_pb_button et_pb_promo_button\" href=\"https:\/\/vinoeoli.it\/fr\/appartements\/\" data-icon=\"$\">VISITEZ NOS APPARTEMENTS<\/a><\/div><\/div>\n\n<div class=\"et_pb_cta_2 et_pb_promo et_pb_bg_layout_dark et_pb_module et_block_module\"><div class=\"et_pb_promo_description\"><h2 class=\"et_pb_module_header\">L&rsquo;\u00c9L\u00c9GANCE D&rsquo;AUTRE TEMPS<\/h2><\/div><div class=\"et_pb_button_wrapper\"><a class=\"et_pb_button et_pb_promo_button\" href=\"https:\/\/vinoeoli.it\/fr\/appartements\/\" data-icon=\"$\">VISITEZ NOS APPARTEMENTS<\/a><\/div><\/div>\n<\/div>\n<\/div>\n<\/div>\n\n<div class=\"et_pb_section_1 et_pb_section et_section_regular et_flex_section\">\n<div class=\"et_pb_row_1 et_pb_row et_flex_row\">\n<div class=\"et_pb_column_2 et_pb_column et-last-child et_flex_column et_pb_css_mix_blend_mode_passthrough et_flex_column_24_24\">\n<div class=\"et_pb_text_0 et_pb_text et_pb_bg_layout_light et_pb_module et_block_module\"><div class=\"et_pb_text_inner\"><h1><span>\u00c9L\u00c9GANCE ET STYLE AU C\u0152UR DE LA VILLE \u00c9TERNELLE<\/span><\/h1>\n<\/div><\/div>\n\n<div class=\"et_pb_text_1 et_pb_text et_pb_bg_layout_light et_pb_module et_block_module\"><div class=\"et_pb_text_inner\"><p>Imaginez-vous vous r\u00e9veiller \u00e0 Rome, dans le quartier le plus authentique et \u00e9l\u00e9gant, \u00e0 quelques pas de la magnificence de Saint-Pierre. Imaginez sortir et trouver non seulement l&rsquo;histoire, mais la vraie vie des Romains, entre caf\u00e9s historiques, boutiques et restaurants typiques. <\/p>\n<p>Ce n&rsquo;est pas un h\u00f4tel, c&rsquo;est votre nid priv\u00e9 au c\u0153ur de Rome. Vino e Oli Residenze vous offre l&rsquo;opportunit\u00e9 unique de vivre la ville \u00e0 votre rythme, en alliant l&rsquo;ind\u00e9pendance d&rsquo;une maison de charme au confort d&rsquo;un service impeccable. <\/p>\n<\/div><\/div>\n<\/div>\n<\/div>\n<\/div>\n\n<div class=\"et_pb_section_2 et_pb_section et_section_regular et_block_section\">\n<div class=\"et_pb_row_2 et_pb_row et_pb_equal_columns et_pb_gutters2 et_block_row\">\n<div class=\"et_pb_column_3 et_pb_column et_pb_column_1_2 et_block_column et_pb_css_mix_blend_mode_passthrough\">\n<div class=\"et_pb_text_2 et_pb_text et_pb_bg_layout_light et_pb_module et_block_module\"><div class=\"et_pb_text_inner\"><h1><b>CARACT\u00c9RISTIQUES DES APPARTEMENTS<\/b><\/h1>\n<\/div><\/div>\n\n<div class=\"et_pb_text_3 et_pb_text et_pb_bg_layout_light et_pb_module et_block_module\"><div class=\"et_pb_text_inner\"><p>Chaque unit\u00e9, d&rsquo;une superficie comprise entre 45 et 60 m\u00b2, est enti\u00e8rement meubl\u00e9e et \u00e9quip\u00e9e de tout le n\u00e9cessaire pour garantir un s\u00e9jour confortable.<\/p>\n<\/div><\/div>\n\n<div class=\"et_pb_blurb_0 et_pb_blurb et_pb_bg_layout_light et_pb_text_align_left et_pb_blurb_position_left et_pb_module et_block_module\"><div class=\"et_pb_blurb_content\"><div class=\"et_pb_main_blurb_image\"><span class=\"et_pb_image_wrap\"><span class=\"et-pb-icon et-waypoint et_pb_animation_off et_pb_animation_off_tablet et_pb_animation_off_phone\">Z<\/span><\/span><\/div><div class=\"et_pb_blurb_container\"><h4 class=\"et_pb_module_header\">Cuisine \u00e9quip\u00e9e avec coin repas<\/h4><\/div><\/div><\/div>\n\n<div class=\"et_pb_blurb_1 et_pb_blurb et_pb_bg_layout_light et_pb_text_align_left et_pb_blurb_position_left et_pb_module et_block_module\"><div class=\"et_pb_blurb_content\"><div class=\"et_pb_main_blurb_image\"><span class=\"et_pb_image_wrap\"><span class=\"et-pb-icon et-waypoint et_pb_animation_off et_pb_animation_off_tablet et_pb_animation_off_phone\">Z<\/span><\/span><\/div><div class=\"et_pb_blurb_container\"><h4 class=\"et_pb_module_header\">Salon lumineux et accueillant<\/h4><\/div><\/div><\/div>\n\n<div class=\"et_pb_blurb_2 et_pb_blurb et_pb_bg_layout_light et_pb_text_align_left et_pb_blurb_position_left et_pb_module et_block_module\"><div class=\"et_pb_blurb_content\"><div class=\"et_pb_main_blurb_image\"><span class=\"et_pb_image_wrap\"><span class=\"et-pb-icon et-waypoint et_pb_animation_off et_pb_animation_off_tablet et_pb_animation_off_phone\">Z<\/span><\/span><\/div><div class=\"et_pb_blurb_container\"><h4 class=\"et_pb_module_header\">Connexion Wi-Fi rapide<\/h4><\/div><\/div><\/div>\n\n<div class=\"et_pb_blurb_3 et_pb_blurb et_pb_bg_layout_light et_pb_text_align_left et_pb_blurb_position_left et_pb_module et_block_module\"><div class=\"et_pb_blurb_content\"><div class=\"et_pb_main_blurb_image\"><span class=\"et_pb_image_wrap\"><span class=\"et-pb-icon et-waypoint et_pb_animation_off et_pb_animation_off_tablet et_pb_animation_off_phone\">Z<\/span><\/span><\/div><div class=\"et_pb_blurb_container\"><h4 class=\"et_pb_module_header\">Climatisation autonome<\/h4><\/div><\/div><\/div>\n\n<div class=\"et_pb_blurb_4 et_pb_blurb et_pb_bg_layout_light et_pb_text_align_left et_pb_blurb_position_left et_pb_module et_block_module\"><div class=\"et_pb_blurb_content\"><div class=\"et_pb_main_blurb_image\"><span class=\"et_pb_image_wrap\"><span class=\"et-pb-icon et-waypoint et_pb_animation_off et_pb_animation_off_tablet et_pb_animation_off_phone\">Z<\/span><\/span><\/div><div class=\"et_pb_blurb_container\"><h4 class=\"et_pb_module_header\">Service de m\u00e9nage disponible sur demande<\/h4><\/div><\/div><\/div>\n\n<div class=\"et_pb_blurb_5 et_pb_blurb et_pb_bg_layout_light et_pb_text_align_left et_pb_blurb_position_left et_pb_module et_block_module\"><div class=\"et_pb_blurb_content\"><div class=\"et_pb_main_blurb_image\"><span class=\"et_pb_image_wrap\"><span class=\"et-pb-icon et-waypoint et_pb_animation_off et_pb_animation_off_tablet et_pb_animation_off_phone\">Z<\/span><\/span><\/div><div class=\"et_pb_blurb_container\"><h4 class=\"et_pb_module_header\">Assistance client d\u00e9di\u00e9e<\/h4><\/div><\/div><\/div>\n\n<div class=\"et_pb_text_4 et_pb_text et_pb_bg_layout_light et_pb_module et_block_module\"><div class=\"et_pb_text_inner\"><p>Certaines unit\u00e9s sont \u00e9quip\u00e9es d&rsquo;un micro-ondes, d&rsquo;un lave-linge, d&rsquo;un purificateur d&rsquo;air et d&rsquo;autres conforts suppl\u00e9mentaires.<\/p>\n<\/div><\/div>\n\n<div class=\"et_pb_module et_pb_button_module_wrapper et_pb_button_0_wrapper\"><a class=\"et_pb_button_0 et_pb_button et_pb_bg_layout_light et_pb_module et_block_module\" href=\"https:\/\/vinoeoli.it\/fr\/contacts\/\" data-icon=\"\uf105\">DEMANDER DES INFORMATIONS<\/a><\/div>\n<\/div>\n\n<div class=\"et_pb_column_4 et_pb_column et_pb_column_1_2 et-last-child et_block_column et_pb_css_mix_blend_mode_passthrough\">\n<div class=\"et_pb_image_0 et_pb_image et_pb_module et_block_module\"><span class=\"et_pb_image_wrap\"><img loading=\"lazy\" decoding=\"async\" src=\"https:\/\/vinoeoli.it\/wp-content\/uploads\/2025\/11\/Vetrina-Appartamento-3-5.jpg\" width=\"929\" height=\"929\" srcset=\"https:\/\/vinoeoli.it\/wp-content\/uploads\/2025\/11\/Vetrina-Appartamento-3-5.jpg 929w, https:\/\/vinoeoli.it\/wp-content\/uploads\/2025\/11\/Vetrina-Appartamento-3-5-480x480.jpg 480w\" sizes=\"(min-width: 0px) and (max-width: 480px) 480px, (min-width: 481px) 929px, 100vw\" class=\"wp-image-71663\" title=\"new-section-1 (1)\" \/><\/span><\/div>\n<\/div>\n<\/div>\n<\/div>\n\n<div class=\"et_pb_section_3 et_pb_section et_section_regular et_flex_section\">\n<div class=\"et_pb_row_3 et_pb_row et_flex_row\">\n<div class=\"et_pb_column_5 et_pb_column et-last-child et_flex_column et_pb_css_mix_blend_mode_passthrough et_flex_column_24_24\">\n<div class=\"et_pb_text_5 et_pb_text et_pb_bg_layout_light et_pb_module et_block_module\"><div class=\"et_pb_text_inner\"><h1><span>POURQUOI CHOISIR VINO E OLI<\/span><\/h1>\n<\/div><\/div>\n<\/div>\n<\/div>\n<\/div>\n\n<div class=\"et_pb_section_4 et_pb_section et_section_specialty et_pb_gutters2 et_block_section\"><div class=\"et_pb_row et_block_row\">\n<div class=\"et_pb_column_6 et_pb_column et_pb_specialty_column et_pb_column_1_2 et_block_column et_pb_css_mix_blend_mode_passthrough\">\n<div class=\"et_pb_row_inner_0 et_pb_row_inner et_block_row\">\n<div class=\"et_pb_column_inner_0 et_pb_column_inner et_pb_column et_pb_column_1_4 et_block_column et_pb_css_mix_blend_mode_passthrough\">\n<div class=\"et_pb_image_1 et_pb_image et_pb_module et_block_module\"><span class=\"et_pb_image_wrap\"><img loading=\"lazy\" decoding=\"async\" src=\"https:\/\/vinoeoli.it\/wp-content\/uploads\/2025\/11\/SITO_SETTEMBRE_VINOEOLI-43.jpg\" width=\"700\" height=\"700\" srcset=\"https:\/\/vinoeoli.it\/wp-content\/uploads\/2025\/11\/SITO_SETTEMBRE_VINOEOLI-43.jpg 700w, https:\/\/vinoeoli.it\/wp-content\/uploads\/2025\/11\/SITO_SETTEMBRE_VINOEOLI-43-480x480.jpg 480w\" sizes=\"(min-width: 0px) and (max-width: 480px) 480px, (min-width: 481px) 700px, 100vw\" class=\"wp-image-71664\" \/><\/span><\/div>\n<\/div>\n\n<div class=\"et_pb_column_inner_1 et_pb_column_inner et_pb_column et_pb_column_1_4 et-last-child et_block_column et_pb_css_mix_blend_mode_passthrough\">\n<div class=\"et_pb_image_2 et_pb_image et_pb_module et_block_module\"><span class=\"et_pb_image_wrap\"><img loading=\"lazy\" decoding=\"async\" src=\"https:\/\/vinoeoli.it\/wp-content\/uploads\/2025\/11\/SITO_SETTEMBRE_VINOEOLI-64.jpg\" width=\"700\" height=\"700\" srcset=\"https:\/\/vinoeoli.it\/wp-content\/uploads\/2025\/11\/SITO_SETTEMBRE_VINOEOLI-64.jpg 700w, https:\/\/vinoeoli.it\/wp-content\/uploads\/2025\/11\/SITO_SETTEMBRE_VINOEOLI-64-480x480.jpg 480w\" sizes=\"(min-width: 0px) and (max-width: 480px) 480px, (min-width: 481px) 700px, 100vw\" class=\"wp-image-71665\" \/><\/span><\/div>\n<\/div>\n<\/div>\n\n<div class=\"et_pb_row_inner_1 et_pb_row_inner et_block_row\">\n<div class=\"et_pb_column_inner_2 et_pb_column_inner et_pb_column et_pb_column_1_4 et_block_column et_pb_css_mix_blend_mode_passthrough\">\n<div class=\"et_pb_image_3 et_pb_image et_pb_module et_block_module\"><span class=\"et_pb_image_wrap\"><img loading=\"lazy\" decoding=\"async\" src=\"https:\/\/vinoeoli.it\/wp-content\/uploads\/2025\/11\/SITO_SETTEMBRE_VINOEOLI-8.jpg\" width=\"700\" height=\"700\" srcset=\"https:\/\/vinoeoli.it\/wp-content\/uploads\/2025\/11\/SITO_SETTEMBRE_VINOEOLI-8.jpg 700w, https:\/\/vinoeoli.it\/wp-content\/uploads\/2025\/11\/SITO_SETTEMBRE_VINOEOLI-8-480x480.jpg 480w\" sizes=\"(min-width: 0px) and (max-width: 480px) 480px, (min-width: 481px) 700px, 100vw\" class=\"wp-image-71666\" \/><\/span><\/div>\n<\/div>\n\n<div class=\"et_pb_column_inner_3 et_pb_column_inner et_pb_column et_pb_column_1_4 et-last-child et_block_column et_pb_css_mix_blend_mode_passthrough\">\n<div class=\"et_pb_image_4 et_pb_image et_pb_module et_block_module\"><span class=\"et_pb_image_wrap\"><img loading=\"lazy\" decoding=\"async\" src=\"https:\/\/vinoeoli.it\/wp-content\/uploads\/2025\/11\/SITO_SETTEMBRE_VINOEOLI-26.jpg\" width=\"700\" height=\"700\" srcset=\"https:\/\/vinoeoli.it\/wp-content\/uploads\/2025\/11\/SITO_SETTEMBRE_VINOEOLI-26.jpg 700w, https:\/\/vinoeoli.it\/wp-content\/uploads\/2025\/11\/SITO_SETTEMBRE_VINOEOLI-26-480x480.jpg 480w\" sizes=\"(min-width: 0px) and (max-width: 480px) 480px, (min-width: 481px) 700px, 100vw\" class=\"wp-image-71667\" \/><\/span><\/div>\n<\/div>\n<\/div>\n<\/div>\n\n<div class=\"et_pb_column_7 et_pb_column et_pb_column_single et_pb_column_1_2 et-last-child et_block_column et_pb_css_mix_blend_mode_passthrough\">\n<div class=\"et_pb_text_6 et_pb_text et_pb_bg_layout_light et_pb_module et_block_module\"><div class=\"et_pb_text_inner\"><h1><span>UNE POSITION \u00c0 UN PAS DE TOUT<\/span><\/h1>\n<\/div><\/div>\n\n<div class=\"et_pb_text_7 et_pb_text et_pb_bg_layout_light et_pb_module et_block_module\"><div class=\"et_pb_text_inner\"><p><span>Nos r\u00e9sidences se trouvent dans le prestigieux quartier Prati, la base parfaite pour votre aventure romaine. Rejoignez \u00e0 pied les Mus\u00e9es du Vatican et la Basilique Saint-Pierre, et ensuite, avec le m\u00e9tro Ottaviano \u00e0 seulement 100 m\u00e8tres, vous \u00eates en quelques minutes au Colis\u00e9e, Place d&rsquo;Espagne ou \u00e0 la Fontaine de Trevi. Vivez le meilleur des deux mondes : la tranquillit\u00e9 d&rsquo;un quartier \u00e9l\u00e9gant et le confort d&rsquo;avoir tout Rome \u00e0 port\u00e9e de main.  <\/span><\/p>\n<\/div><\/div>\n\n<div class=\"et_pb_text_8 et_pb_text et_pb_bg_layout_light et_pb_module et_block_module\"><div class=\"et_pb_text_inner\"><h1><span>L\u2019\u00c9L\u00c9GANCE DE SE SENTIR CHEZ SOI<\/span><\/h1>\n<\/div><\/div>\n\n<div class=\"et_pb_text_9 et_pb_text et_pb_bg_layout_light et_pb_module et_block_module\"><div class=\"et_pb_text_inner\"><p><span>Chaque appartement, de 45 \u00e0 60 m\u00b2, est un petit bijou de style et de fonctionnalit\u00e9, meubl\u00e9 avec go\u00fbt pour vous garantir une oasis de d\u00e9tente apr\u00e8s une journ\u00e9e de d\u00e9couvertes. Pr\u00e9parez un petit-d\u00e9jeuner tranquillement dans votre cuisine \u00e9quip\u00e9e, d\u00e9tendez-vous dans le salon lumineux en planifiant l&rsquo;itin\u00e9raire du lendemain, et partagez vos plus beaux moments gr\u00e2ce \u00e0 la connexion Wi-Fi rapide. <\/span><\/p>\n<\/div><\/div>\n\n<div class=\"et_pb_module et_pb_button_module_wrapper et_pb_button_1_wrapper\"><a class=\"et_pb_button_1 et_pb_button et_pb_bg_layout_light et_pb_module et_block_module\" href=\"https:\/\/vinoeoli.it\/fr\/appartements\/\" data-icon=\"\uf105\">NOS APPARTEMENTS<\/a><\/div>\n<\/div>\n<\/div><\/div>\n\n<div class=\"et_pb_section_5 et_pb_section et_section_specialty et_pb_gutters2 et_block_section\"><div class=\"et_pb_row et_block_row\">\n<div class=\"et_pb_column_8 et_pb_column et_pb_specialty_column et_pb_column_1_2 et_block_column et_pb_css_mix_blend_mode_passthrough\">\n<div class=\"et_pb_row_inner_2 et_pb_row_inner et_block_row\">\n<div class=\"et_pb_column_inner_4 et_pb_column_inner et_pb_column et_pb_column_1_4 et_block_column et_pb_css_mix_blend_mode_passthrough\">\n<div class=\"et_pb_image_5 et_pb_image et_pb_module et_block_module\"><span class=\"et_pb_image_wrap\"><img loading=\"lazy\" decoding=\"async\" src=\"https:\/\/vinoeoli.it\/wp-content\/uploads\/2025\/11\/Vino-e-Oli-Residenze-a-Roma-20.jpg\" width=\"700\" height=\"700\" srcset=\"https:\/\/vinoeoli.it\/wp-content\/uploads\/2025\/11\/Vino-e-Oli-Residenze-a-Roma-20.jpg 700w, https:\/\/vinoeoli.it\/wp-content\/uploads\/2025\/11\/Vino-e-Oli-Residenze-a-Roma-20-480x480.jpg 480w\" sizes=\"(min-width: 0px) and (max-width: 480px) 480px, (min-width: 481px) 700px, 100vw\" class=\"wp-image-71688\" \/><\/span><\/div>\n<\/div>\n\n<div class=\"et_pb_column_inner_5 et_pb_column_inner et_pb_column et_pb_column_1_4 et-last-child et_block_column et_pb_css_mix_blend_mode_passthrough\">\n<div class=\"et_pb_image_6 et_pb_image et_pb_module et_block_module\"><span class=\"et_pb_image_wrap\"><img loading=\"lazy\" decoding=\"async\" src=\"https:\/\/vinoeoli.it\/wp-content\/uploads\/2025\/11\/Soggiorni-medio-lungo-periodo-a-Roma-4.jpg\" width=\"700\" height=\"700\" srcset=\"https:\/\/vinoeoli.it\/wp-content\/uploads\/2025\/11\/Soggiorni-medio-lungo-periodo-a-Roma-4.jpg 700w, https:\/\/vinoeoli.it\/wp-content\/uploads\/2025\/11\/Soggiorni-medio-lungo-periodo-a-Roma-4-480x480.jpg 480w\" sizes=\"(min-width: 0px) and (max-width: 480px) 480px, (min-width: 481px) 700px, 100vw\" class=\"wp-image-71734\" \/><\/span><\/div>\n<\/div>\n<\/div>\n\n<div class=\"et_pb_row_inner_3 et_pb_row_inner et_block_row\">\n<div class=\"et_pb_column_inner_6 et_pb_column_inner et_pb_column et_pb_column_1_4 et_block_column et_pb_css_mix_blend_mode_passthrough\">\n<div class=\"et_pb_image_7 et_pb_image et_pb_module et_block_module\"><span class=\"et_pb_image_wrap\"><img loading=\"lazy\" decoding=\"async\" src=\"https:\/\/vinoeoli.it\/wp-content\/uploads\/2025\/11\/Luxury-apartments-in-Rome-13.jpg\" width=\"700\" height=\"700\" srcset=\"https:\/\/vinoeoli.it\/wp-content\/uploads\/2025\/11\/Luxury-apartments-in-Rome-13.jpg 700w, https:\/\/vinoeoli.it\/wp-content\/uploads\/2025\/11\/Luxury-apartments-in-Rome-13-480x480.jpg 480w\" sizes=\"(min-width: 0px) and (max-width: 480px) 480px, (min-width: 481px) 700px, 100vw\" class=\"wp-image-71729\" \/><\/span><\/div>\n<\/div>\n\n<div class=\"et_pb_column_inner_7 et_pb_column_inner et_pb_column et_pb_column_1_4 et-last-child et_block_column et_pb_css_mix_blend_mode_passthrough\">\n<div class=\"et_pb_image_8 et_pb_image et_pb_module et_block_module\"><span class=\"et_pb_image_wrap\"><img loading=\"lazy\" decoding=\"async\" src=\"https:\/\/vinoeoli.it\/wp-content\/uploads\/2025\/11\/Luxury-apartments-in-Rome-5.jpg\" width=\"700\" height=\"700\" srcset=\"https:\/\/vinoeoli.it\/wp-content\/uploads\/2025\/11\/Luxury-apartments-in-Rome-5.jpg 700w, https:\/\/vinoeoli.it\/wp-content\/uploads\/2025\/11\/Luxury-apartments-in-Rome-5-480x480.jpg 480w\" sizes=\"(min-width: 0px) and (max-width: 480px) 480px, (min-width: 481px) 700px, 100vw\" class=\"wp-image-71721\" \/><\/span><\/div>\n<\/div>\n<\/div>\n<\/div>\n\n<div class=\"et_pb_column_9 et_pb_column et_pb_column_single et_pb_column_1_2 et-last-child et_block_column et_pb_css_mix_blend_mode_passthrough\">\n<div class=\"et_pb_text_10 et_pb_text et_pb_bg_layout_light et_pb_module et_block_module\"><div class=\"et_pb_text_inner\"><h1><span>LA LIBERT\u00c9 QUE SEULE UNE MAISON PEUT VOUS DONNER<\/span><\/h1>\n<\/div><\/div>\n\n<div class=\"et_pb_text_11 et_pb_text et_pb_bg_layout_light et_pb_module et_block_module\"><div class=\"et_pb_text_inner\"><p><span>Oubliez les horaires de la r\u00e9ception et les foules des h\u00f4tels. Avec nous, vous avez la libert\u00e9 totale de vivre la ville \u00e0 votre rythme. Profitez d&rsquo;un ap\u00e9ritif \u00e0 la maison avant le d\u00eener, rentrez quand vous voulez et sentez-vous non pas comme un simple touriste, mais comme un v\u00e9ritable habitant de Rome. Votre vie priv\u00e9e et votre ind\u00e9pendance sont notre priorit\u00e9.   <\/span><\/p>\n<\/div><\/div>\n\n<div class=\"et_pb_text_12 et_pb_text et_pb_bg_layout_light et_pb_module et_block_module\"><div class=\"et_pb_text_inner\"><h1><span>PLUS QU&rsquo;UN S\u00c9JOUR, UNE EXP\u00c9RIENCE<\/span><\/h1>\n<\/div><\/div>\n\n<div class=\"et_pb_text_13 et_pb_text et_pb_bg_layout_light et_pb_module et_block_module\"><div class=\"et_pb_text_inner\"><p><span>Notre \u00e9quipe est \u00e0 votre enti\u00e8re disposition non seulement pour l&rsquo;assistance, mais pour vous faire d\u00e9couvrir la Rome la plus authentique. Demandez-nous des conseils sur un restaurant cach\u00e9, sur comment \u00e9viter la file d&rsquo;attente dans un mus\u00e9e ou sur quel est le march\u00e9 de quartier le plus typique. Nous sommes ici pour rendre votre s\u00e9jour inoubliable.  <\/span><\/p>\n<\/div><\/div>\n\n<div class=\"et_pb_module et_pb_button_module_wrapper et_pb_button_2_wrapper\"><a class=\"et_pb_button_2 et_pb_button et_pb_bg_layout_light et_pb_module et_block_module\" href=\"https:\/\/vinoeoli.it\/fr\/appartements\/\" data-icon=\"\uf105\">NOS APPARTEMENTS<\/a><\/div>\n<\/div>\n<\/div><\/div>\n\n<div class=\"et_pb_section_6 et_pb_section et_section_regular et_block_section\">\n<div class=\"et_pb_row_4 et_pb_row et_pb_equal_columns et_pb_gutters2 et_block_row\">\n<div class=\"et_pb_column_10 et_pb_column et_pb_column_4_4 et-last-child et_block_column et_pb_css_mix_blend_mode_passthrough\">\n<div class=\"et_pb_text_14 et_pb_text et_pb_bg_layout_light et_pb_module et_block_module\"><div class=\"et_pb_text_inner\"><h3><b>DEMANDE D&rsquo;INFORMATIONS<\/b><\/h3>\n<\/div><\/div>\n<\/div>\n<\/div>\n\n<div class=\"et_pb_row_5 et_pb_row et_pb_equal_columns et_pb_gutters2 et_block_row\">\n<div class=\"et_pb_column_11 et_pb_column et_pb_column_1_3 et_block_column et_pb_css_mix_blend_mode_passthrough\">\n<div class=\"et_pb_blurb_6 et_pb_blurb et_pb_bg_layout_light et_pb_text_align_left et_pb_blurb_position_left et_pb_module et_block_module\"><div class=\"et_pb_blurb_content\"><div class=\"et_pb_main_blurb_image\"><span class=\"et_pb_image_wrap\"><span class=\"et-pb-icon et-waypoint et_pb_animation_off et_pb_animation_off_tablet et_pb_animation_off_phone\">\uf879<\/span><\/span><\/div><div class=\"et_pb_blurb_container\"><h4 class=\"et_pb_module_header\">+39 06 375 16 346<\/h4><\/div><\/div><\/div>\n<\/div>\n\n<div class=\"et_pb_column_12 et_pb_column et_pb_column_1_3 et_block_column et_pb_css_mix_blend_mode_passthrough\">\n<div class=\"et_pb_blurb_7 et_pb_blurb et_pb_bg_layout_light et_pb_text_align_left et_pb_blurb_position_left et_pb_module et_block_module\"><div class=\"et_pb_blurb_content\"><div class=\"et_pb_main_blurb_image\"><span class=\"et_pb_image_wrap\"><span class=\"et-pb-icon et-waypoint et_pb_animation_off et_pb_animation_off_tablet et_pb_animation_off_phone\">\ue076<\/span><\/span><\/div><div class=\"et_pb_blurb_container\"><h4 class=\"et_pb_module_header\">residenze@vinoeoli.it<\/h4><\/div><\/div><\/div>\n<\/div>\n\n<div class=\"et_pb_column_13 et_pb_column et_pb_column_1_3 et-last-child et_block_column et_pb_column_empty et_pb_css_mix_blend_mode_passthrough\"><\/div>\n<\/div>\n\n<div class=\"et_pb_row_6 et_pb_row et_pb_equal_columns et_pb_gutters2 et_block_row\">\n<div class=\"et_pb_column_14 et_pb_column et_pb_column_1_3 et_block_column et_pb_css_mix_blend_mode_passthrough\">\n<div class=\"et_pb_text_15 et_pb_text et_pb_bg_layout_light et_pb_module et_block_module\"><div class=\"et_pb_text_inner\"><p>Utilisez le formulaire pour envoyer une demande, recevoir des informations ou pour effectuer une r\u00e9servation.<\/p>\n<p>L&rsquo;\u00e9quipe de Vino e Oli Residenze est \u00e0 votre disposition pour fournir des propositions personnalis\u00e9es, dans des d\u00e9lais rapides et sans engagement.<\/p>\n<p>Vino e Oli Residenze : un s\u00e9jour \u00e0 Rome avec le confort de la maison et la libert\u00e9 de se d\u00e9placer au c\u0153ur de la ville.<\/p>\n<\/div><\/div>\n<\/div>\n\n<div class=\"et_pb_column_15 et_pb_column et_pb_column_2_3 et-last-child et_block_column et_pb_css_mix_blend_mode_passthrough\">\n<div class=\"et_pb_contact_form_0 et_pb_contact_form_container clearfix et_pb_module et_flex_module\" data-form_unique_num=\"0\" data-form_unique_id=\"90b83303-20a5-4f43-8b92-5136931e372a\" id=\"et_pb_contact_form_0\"><div class=\"et-pb-contact-message\"><\/div><div class=\"et_pb_contact\"><form class=\"et_pb_contact_form et_flex_module\" method=\"post\" action=\"https:\/\/vinoeoli.it\/fr\/wp-json\/wp\/v2\/pages\/72169\">\n<div class=\"et_pb_contact_field_0 et_pb_contact_field et_pb_module et_flex_module et_flex_column_24_24\" data-id=\"name_2\" data-type=\"input\"><label class=\"et_pb_contact_form_label\">Nom\/Pr\u00e9nom<\/label><input type=\"text\" name=\"et_pb_contact_0_name_2_0\" id=\"et_pb_contact_0_name_2_0\" class=\"input\" data-required_mark=\"required\" data-field_type=\"input\" data-original_id=\"name_2\" placeholder=\"Nom\/Pr\u00e9nom\" title=\"\" value=\"\" \/><\/div>\n\n<div class=\"et_pb_contact_field_1 et_pb_contact_field et_pb_module et_flex_module et_flex_column_24_24\" data-id=\"phone_number_2\" data-type=\"input\"><label class=\"et_pb_contact_form_label\">T\u00e9l\u00e9phone<\/label><input type=\"text\" name=\"et_pb_contact_0_phone_number_2_1\" id=\"et_pb_contact_0_phone_number_2_1\" class=\"input\" data-required_mark=\"required\" data-field_type=\"input\" data-original_id=\"phone_number_2\" placeholder=\"T\u00e9l\u00e9phone\" title=\"\" value=\"\" \/><\/div>\n\n<div class=\"et_pb_contact_field_2 et_pb_contact_field et_pb_module et_flex_module et_flex_column_24_24\" data-id=\"company_name_2\" data-type=\"input\"><label class=\"et_pb_contact_form_label\">Entreprise (Soci\u00e9t\u00e9)<\/label><input type=\"text\" name=\"et_pb_contact_0_company_name_2_2\" id=\"et_pb_contact_0_company_name_2_2\" class=\"input\" data-required_mark=\"not_required\" data-field_type=\"input\" data-original_id=\"company_name_2\" placeholder=\"Entreprise (Soci\u00e9t\u00e9)\" title=\"\" value=\"\" \/><\/div>\n\n<div class=\"et_pb_contact_field_3 et_pb_contact_field et_pb_module et_flex_module et_flex_column_24_24\" data-id=\"email_2\" data-type=\"email\"><label class=\"et_pb_contact_form_label\">E-mail<\/label><input type=\"text\" name=\"et_pb_contact_0_email_2_3\" id=\"et_pb_contact_0_email_2_3\" class=\"input\" data-required_mark=\"required\" data-field_type=\"email\" data-original_id=\"email_2\" placeholder=\"E-mail\" title=\"\" value=\"\" \/><\/div>\n\n<div class=\"et_pb_contact_field_4 et_pb_contact_field et_pb_module et_flex_module et_flex_column_24_24\" data-id=\"message_2\" data-type=\"text\"><label class=\"et_pb_contact_form_label\">Votre demande<\/label><textarea name=\"et_pb_contact_0_message_2_4\" id=\"et_pb_contact_0_message_2_4\" class=\"et_pb_contact_message input\" data-required_mark=\"required\" data-field_type=\"text\" data-original_id=\"message_2\" placeholder=\"Votre demande\"><\/textarea><\/div>\n<input type=\"hidden\" name=\"et_pb_contactform_submit_0\" value=\"et_contact_proccess\" \/><div class=\"et_contact_bottom_container\"><div class=\"et_pb_button_wrapper\"><button type=\"submit\" name=\"et_builder_submit_button\" class=\"et_pb_button et_pb_contact_submit\">ENVOYER LA DEMANDE<\/button><\/div><\/div><input type=\"hidden\" id=\"_wpnonce-et-pb-contact-form-submitted-0\" name=\"_wpnonce-et-pb-contact-form-submitted-0\" value=\"00b430b2c3\" \/><input type=\"hidden\" name=\"_wp_http_referer\" value=\"\/fr\/wp-json\/wp\/v2\/pages\/72169\" \/><\/form><\/div><\/div>\n<\/div>\n<\/div>\n<\/div>","protected":false},"excerpt":{"rendered":"","protected":false},"author":1,"featured_media":0,"parent":0,"menu_order":0,"comment_status":"closed","ping_status":"closed","template":"","meta":{"footnotes":""},"class_list":["post-72169","page","type-page","status-publish","hentry"],"_links":{"self":[{"href":"https:\/\/vinoeoli.it\/fr\/wp-json\/wp\/v2\/pages\/72169","targetHints":{"allow":["GET"]}}],"collection":[{"href":"https:\/\/vinoeoli.it\/fr\/wp-json\/wp\/v2\/pages"}],"about":[{"href":"https:\/\/vinoeoli.it\/fr\/wp-json\/wp\/v2\/types\/page"}],"author":[{"embeddable":true,"href":"https:\/\/vinoeoli.it\/fr\/wp-json\/wp\/v2\/users\/1"}],"replies":[{"embeddable":true,"href":"https:\/\/vinoeoli.it\/fr\/wp-json\/wp\/v2\/comments?post=72169"}],"version-history":[{"count":6,"href":"https:\/\/vinoeoli.it\/fr\/wp-json\/wp\/v2\/pages\/72169\/revisions"}],"predecessor-version":[{"id":72347,"href":"https:\/\/vinoeoli.it\/fr\/wp-json\/wp\/v2\/pages\/72169\/revisions\/72347"}],"wp:attachment":[{"href":"https:\/\/vinoeoli.it\/fr\/wp-json\/wp\/v2\/media?parent=72169"}],"curies":[{"name":"wp","href":"https:\/\/api.w.org\/{rel}","templated":true}]}}