{"id":72167,"date":"2025-08-20T09:59:46","date_gmt":"2025-08-20T09:59:46","guid":{"rendered":"https:\/\/vinoeoli.it\/home-page\/"},"modified":"2025-12-01T09:55:07","modified_gmt":"2025-12-01T09:55:07","slug":"home-page","status":"publish","type":"page","link":"https:\/\/vinoeoli.it\/fr\/","title":{"rendered":"Home Page"},"content":{"rendered":"<div class=\"et_pb_section_0 et_pb_section et_section_regular et_block_section\">\n<div class=\"et_pb_row_0 et_pb_row et_pb_equal_columns et_pb_gutters1 et_block_row\">\n<div class=\"et_pb_column_0 et_pb_column et_pb_column_3_5 et_block_column et_pb_css_mix_blend_mode_passthrough\">\n<div class=\"et_pb_cta_0 et_pb_promo et_pb_bg_layout_dark et_pb_module et_block_module\"><div class=\"et_pb_promo_description\"><h2 class=\"et_pb_module_header\">VINO E OLI<\/h2><\/div><div class=\"et_pb_button_wrapper\"><a class=\"et_pb_button et_pb_promo_button\" href=\"\" data-icon=\"$\">NOS APPARTEMENTS<\/a><\/div><\/div>\n<\/div>\n\n<div class=\"et_pb_column_1 et_pb_column et_pb_column_2_5 et-last-child et_block_column et_pb_css_mix_blend_mode_passthrough\">\n<div class=\"et_pb_cta_1 et_pb_promo et_pb_bg_layout_dark et_pb_module et_block_module\"><div class=\"et_pb_promo_description\"><h2 class=\"et_pb_module_header\">VACANCES<\/h2><\/div><div class=\"et_pb_button_wrapper\"><a class=\"et_pb_button et_pb_promo_button\" href=\"\" data-icon=\"$\">VOS \u00ab VACANCES ROMAINES \u00bb<\/a><\/div><\/div>\n\n<div class=\"et_pb_cta_2 et_pb_promo et_pb_bg_layout_dark et_pb_module et_block_module\"><div class=\"et_pb_promo_description\"><h2 class=\"et_pb_module_header\">S\u00c9JOURNER \/ VIVRE<\/h2><\/div><div class=\"et_pb_button_wrapper\"><a class=\"et_pb_button et_pb_promo_button\" href=\"\" data-icon=\"$\">CONFORT, \u00c9L\u00c9GANCE ET IND\u00c9PENDANCE<\/a><\/div><\/div>\n<\/div>\n<\/div>\n<\/div>\n\n<div class=\"et_pb_section_1 et_pb_section et_section_regular et_flex_section\">\n<div class=\"et_pb_row_1 et_pb_row et_flex_row\">\n<div class=\"et_pb_column_2 et_pb_column et-last-child et_flex_column et_pb_css_mix_blend_mode_passthrough et_flex_column_24_24\">\n<div class=\"et_pb_text_0 et_pb_text et_pb_bg_layout_light et_pb_module et_block_module\"><div class=\"et_pb_text_inner\"><h1>NOTRE ID\u00c9E DE L&rsquo;HOSPITALIT\u00c9<\/h1>\n<\/div><\/div>\n<\/div>\n<\/div>\n<\/div>\n\n<div class=\"et_pb_section_2 et_pb_section et_section_regular et_flex_section\">\n<div class=\"et_pb_row_2 et_pb_row et_flex_row\">\n<div class=\"et_pb_column_3 et_pb_column et-last-child et_flex_column et_pb_css_mix_blend_mode_passthrough et_flex_column_24_24\">\n<div class=\"et_pb_text_1 et_pb_text et_pb_bg_layout_light et_pb_module et_block_module\"><div class=\"et_pb_text_inner\"><div class=\"wpb_text_column wpb_content_element vc_custom_1621460035009\">\n<div class=\"wpb_wrapper\">\n<div class=\"col\">\n<p>Vino e Oli est une nouvelle fa\u00e7on de concevoir l&rsquo;hospitalit\u00e9. La cr\u00e9ation d&rsquo;un espace de s\u00e9jour multifonctionnel qui allie confort et beaut\u00e9, design et praticit\u00e9, atmosph\u00e8res traditionnelles et excellence technologique. Vino e Oli \u00e9labore une proposition d&rsquo;accueil innovante, qui place au centre la libert\u00e9 et le confort de l&rsquo;h\u00f4te, en d\u00e9passant les rigidit\u00e9s de l&rsquo;h\u00f4tellerie traditionnelle. Gr\u00e2ce au service de conciergerie, il sera possible de construire l&rsquo;int\u00e9gralit\u00e9 du s\u00e9jour, en s&rsquo;assurant une flexibilit\u00e9 \u00ab comme \u00e0 la maison \u00bb.<\/p>\n<p>Vino e Oli est un lieu priv\u00e9 et personnel o\u00f9 l&rsquo;on peut vivre une exp\u00e9rience particuli\u00e8re de la ville et du temps. Un hymne \u00e0 l&rsquo;exception cr\u00e9ative de l&rsquo;Italie m\u00e9diterran\u00e9enne. Les espaces sont solaires, accueillants et \u00e9l\u00e9gants. La saveur que restituent les espaces Vino e Oli est celle de la Rome de l&rsquo;apr\u00e8s-guerre, du boom \u00e9conomique aux ann\u00e9es 70, en passant par la dolce vita. Vino e Oli na\u00eet d&rsquo;un projet de r\u00e9cup\u00e9ration urbanistique d&rsquo;un immeuble du d\u00e9but du XXe si\u00e8cle enti\u00e8rement restaur\u00e9. \u00c0 l&rsquo;int\u00e9rieur, de nouveaux espaces ont \u00e9t\u00e9 redessin\u00e9s pour satisfaire les diff\u00e9rentes exigences d&rsquo;hospitalit\u00e9 et d&rsquo;espace. La vision de l&rsquo;ameublement va de la r\u00e9cup\u00e9ration de mat\u00e9riaux et techniques traditionnels, flanqu\u00e9s des technologies domotiques les plus avanc\u00e9es. Sols en granito, salles de bains dans le pur style italien, objets de d\u00e9coration parlent la langue du Made in Italy, cr\u00e9ant des lieux accueillants et intimes.<\/p>\n<p>Le style du design italien, l&rsquo;atmosph\u00e8re qui sent bon la maison, avec un regard tourn\u00e9 vers le pass\u00e9 et la conscience technologique moderne : les espaces Vino e Oli sont le lieu pour un s\u00e9jour parfait, pour un week-end romantique, des vacances avec une ou plusieurs familles ou groupes d&rsquo;amis, mais aussi pour un d\u00e9placement professionnel ou un long s\u00e9jour.<\/p>\n<p><strong>Qualit\u00e8<\/strong><br \/>La tradition de la Rome belle et \u00e9l\u00e9gante de l&rsquo;apr\u00e8s-guerre revit avec la r\u00e9utilisation des sols en granito typiques de l&rsquo;\u00e9poque, les salles de bains avec carrelages et marbres ; le choix des mat\u00e9riaux et des objets de d\u00e9coration parle la langue du go\u00fbt italien. Les espaces sont tous meubl\u00e9s de mani\u00e8re diff\u00e9rente avec des pi\u00e8ces de design originales des ann\u00e9es 50-60 et avec des meubles r\u00e9alis\u00e9s artisanalement. C&rsquo;est un choix de beaut\u00e9, une volont\u00e9 d&rsquo;attention aux d\u00e9tails et \u00e0 la qualit\u00e9 des finitions.<\/p>\n<p><strong>Confort<\/strong><br \/>Les espaces Vino e Oli sont ind\u00e9pendants, dot\u00e9s de porte blind\u00e9e, avec smart card pour l&rsquo;acc\u00e8s et de nouvelles fen\u00eatres insonoris\u00e9es et \u00e0 coupure thermique. Les sols sont en carreaux de marbre bicolores ou en parquet. Les tapis sont anciens ; les miroirs, les petites tables, les tables de chevet et les coiffeuses sont Art d\u00e9co. Les cuisines sont neuves, sp\u00e9cialement dessin\u00e9es, avec plans en marbre et portes en bois, enti\u00e8rement \u00e9quip\u00e9es. La connexion Wi-Fi est gratuite et disponible dans toute la structure. Le m\u00e9nage et le changement de linge sont modul\u00e9s en fonction des demandes ou des exigences du client.<\/p>\n<\/div>\n<\/div>\n<\/div>\n<\/div><\/div>\n<\/div>\n<\/div>\n<\/div>\n\n<div class=\"et_pb_section_3 et_pb_section et_section_regular et_flex_section\">\n<div class=\"et_pb_row_3 et_pb_row et_flex_row\">\n<div class=\"et_pb_column_4 et_pb_column et-last-child et_flex_column et_pb_css_mix_blend_mode_passthrough et_flex_column_24_24\">\n<div class=\"et_pb_text_2 et_pb_text et_pb_bg_layout_light et_pb_module et_block_module\"><div class=\"et_pb_text_inner\"><h1>NOS PRIORIT\u00c9S<\/h1>\n<\/div><\/div>\n<\/div>\n<\/div>\n<\/div>\n\n<div class=\"et_pb_section_4 et_pb_section et_section_regular et_flex_section\">\n<div class=\"et_pb_row_4 et_pb_row et_flex_row\">\n<div class=\"et_pb_column_5 et_pb_column et_flex_column et_pb_css_mix_blend_mode_passthrough et_flex_column_8_24 et_flex_column_24_24_phone\">\n<div class=\"et_pb_blurb_0 et_pb_blurb et_pb_bg_layout_light et_pb_text_align_justified et_pb_blurb_position_top et_pb_module et_block_module\"><div class=\"et_pb_blurb_content\"><div class=\"et_pb_main_blurb_image\"><span class=\"et_pb_image_wrap et_pb_only_image_mode_wrap\"><img loading=\"lazy\" decoding=\"async\" src=\"https:\/\/vinoeoli.it\/wp-content\/uploads\/2025\/11\/3075-WiFi-Connection-1.png\" width=\"120\" height=\"120\" sizes=\"(max-width: 120px) 100vw, 120px\" class=\"et-waypoint et_pb_animation_top et_pb_animation_top_tablet et_pb_animation_top_phone wp-image-71638\" \/><\/span><\/div><div class=\"et_pb_blurb_container\"><h4 class=\"et_pb_module_header\">Wi-Fi Fibre<\/h4><div class=\"et_pb_blurb_description\"><p><span>Naviguez, travaillez et profitez du streaming sans interruption. Notre connexion Fibre \u00e0 1 Gbit\/s vous garantit une vitesse et une stabilit\u00e9 maximales pour tous vos besoins, du business \u00e0 la d\u00e9tente la plus totale.<\/span><\/p>\n<\/div><\/div><\/div><\/div>\n\n<div class=\"et_pb_blurb_1 et_pb_blurb et_pb_bg_layout_light et_pb_text_align_justified et_pb_blurb_position_top et_pb_module et_block_module\"><div class=\"et_pb_blurb_content\"><div class=\"et_pb_main_blurb_image\"><span class=\"et_pb_image_wrap et_pb_only_image_mode_wrap\"><img loading=\"lazy\" decoding=\"async\" src=\"https:\/\/vinoeoli.it\/wp-content\/uploads\/2025\/11\/3034-Pet.png\" width=\"120\" height=\"120\" sizes=\"(max-width: 120px) 100vw, 120px\" class=\"et-waypoint et_pb_animation_top et_pb_animation_top_tablet et_pb_animation_top_phone wp-image-71642\" \/><\/span><\/div><div class=\"et_pb_blurb_container\"><h4 class=\"et_pb_module_header\">Amis \u00e0 quatre pattes<\/h4><div class=\"et_pb_blurb_description\"><p>Ne laissez pas votre ami \u00e0 quatre pattes \u00e0 la maison : notre h\u00f4tel est Pet Friendly ! Le s\u00e9jour pour les animaux est autoris\u00e9 exclusivement en envoyant une demande pr\u00e9alable. Contactez-nous tout de suite pour organiser ensemble votre s\u00e9jour parfait.<\/p>\n<\/div><\/div><\/div><\/div>\n<\/div>\n\n<div class=\"et_pb_column_6 et_pb_column et_flex_column et_pb_css_mix_blend_mode_passthrough et_flex_column_8_24 et_flex_column_24_24_phone\">\n<div class=\"et_pb_blurb_2 et_pb_blurb et_pb_bg_layout_light et_pb_text_align_justified et_pb_blurb_position_top et_pb_module et_block_module\"><div class=\"et_pb_blurb_content\"><div class=\"et_pb_main_blurb_image\"><span class=\"et_pb_image_wrap et_pb_only_image_mode_wrap\"><img loading=\"lazy\" decoding=\"async\" src=\"https:\/\/vinoeoli.it\/wp-content\/uploads\/2025\/11\/3072-Five-Star-Building.png\" width=\"120\" height=\"120\" sizes=\"(max-width: 120px) 100vw, 120px\" class=\"et-waypoint et_pb_animation_top et_pb_animation_top_tablet et_pb_animation_top_phone wp-image-71639\" \/><\/span><\/div><div class=\"et_pb_blurb_container\"><h4 class=\"et_pb_module_header\">Check-in\/out Flexible<\/h4><div class=\"et_pb_blurb_description\"><p><span>Voyagez sans le stress des horaires. Avec notre syst\u00e8me de self check-in, vous pouvez acc\u00e9der \u00e0 votre appartement en totale autonomie. Contactez-nous pour convenir de l&rsquo;heure de check-out la plus pratique pour vous.<\/span><\/p>\n<\/div><\/div><\/div><\/div>\n\n<div class=\"et_pb_blurb_3 et_pb_blurb et_pb_bg_layout_light et_pb_text_align_justified et_pb_blurb_position_top et_pb_module et_block_module\"><div class=\"et_pb_blurb_content\"><div class=\"et_pb_main_blurb_image\"><span class=\"et_pb_image_wrap et_pb_only_image_mode_wrap\"><img loading=\"lazy\" decoding=\"async\" src=\"https:\/\/vinoeoli.it\/wp-content\/uploads\/2025\/11\/3064-VIP-Card.png\" width=\"120\" height=\"120\" sizes=\"(max-width: 120px) 100vw, 120px\" class=\"et-waypoint et_pb_animation_top et_pb_animation_top_tablet et_pb_animation_top_phone wp-image-71643\" \/><\/span><\/div><div class=\"et_pb_blurb_container\"><h4 class=\"et_pb_module_header\">Parking Partenaire<\/h4><div class=\"et_pb_blurb_description\"><p><span>Vous arrivez \u00e0 Rome en voiture ? Aucun probl\u00e8me. Nous disposons d&rsquo;un garage partenaire \u00e0 quelques pas de la structure. Un service s\u00fbr et pratique, \u00e0 demander au moment de la r\u00e9servation.<\/span><\/p>\n<\/div><\/div><\/div><\/div>\n<\/div>\n\n<div class=\"et_pb_column_7 et_pb_column et-last-child et_flex_column et_pb_css_mix_blend_mode_passthrough et_flex_column_8_24 et_flex_column_24_24_phone\">\n<div class=\"et_pb_blurb_4 et_pb_blurb et_pb_bg_layout_light et_pb_text_align_justified et_pb_blurb_position_top et_pb_module et_block_module\"><div class=\"et_pb_blurb_content\"><div class=\"et_pb_main_blurb_image\"><span class=\"et_pb_image_wrap et_pb_only_image_mode_wrap\"><img loading=\"lazy\" decoding=\"async\" src=\"https:\/\/vinoeoli.it\/wp-content\/uploads\/2025\/11\/3077-Vaccum-Cleaner.png\" width=\"120\" height=\"120\" sizes=\"(max-width: 120px) 100vw, 120px\" class=\"et-waypoint et_pb_animation_top et_pb_animation_top_tablet et_pb_animation_top_phone wp-image-71640\" \/><\/span><\/div><div class=\"et_pb_blurb_container\"><h4 class=\"et_pb_module_header\">Nettoyage<\/h4><div class=\"et_pb_blurb_description\"><p><span>Votre confort est notre priorit\u00e9. Chaque appartement est d\u00e9sinfect\u00e9 et pr\u00e9par\u00e9 avec le plus grand soin avant votre arriv\u00e9e pour vous garantir un environnement impeccable et s\u00fbr pendant tout le s\u00e9jour.<\/span><\/p>\n<\/div><\/div><\/div><\/div>\n\n<div class=\"et_pb_blurb_5 et_pb_blurb et_pb_bg_layout_light et_pb_text_align_justified et_pb_blurb_position_top et_pb_module et_block_module\"><div class=\"et_pb_blurb_content\"><div class=\"et_pb_main_blurb_image\"><span class=\"et_pb_image_wrap et_pb_only_image_mode_wrap\"><img loading=\"lazy\" decoding=\"async\" src=\"https:\/\/vinoeoli.it\/wp-content\/uploads\/2025\/11\/3051-MiniVan.png\" width=\"120\" height=\"120\" sizes=\"(max-width: 120px) 100vw, 120px\" class=\"et-waypoint et_pb_animation_top et_pb_animation_top_tablet et_pb_animation_top_phone wp-image-71641\" \/><\/span><\/div><div class=\"et_pb_blurb_container\"><h4 class=\"et_pb_module_header\">Transfert<\/h4><div class=\"et_pb_blurb_description\"><p><span>Commencez et terminez votre voyage sans stress. Nous organisons des transferts priv\u00e9s depuis et vers les a\u00e9roports et les gares ferroviaires. Un service ponctuel et fiable pour un confort absolu.<\/span><\/p>\n<\/div><\/div><\/div><\/div>\n<\/div>\n<\/div>\n\n<div class=\"et_pb_row_5 et_pb_row et_flex_row\">\n<div class=\"et_pb_column_8 et_pb_column et-last-child et_flex_column et_pb_css_mix_blend_mode_passthrough et_flex_column_24_24\">\n<div class=\"et_pb_image_0 et_pb_image et_pb_module et_block_module\"><span class=\"et_pb_image_wrap\"><img loading=\"lazy\" decoding=\"async\" src=\"https:\/\/vinoeoli.it\/wp-content\/uploads\/2025\/08\/Vino-e-Oli-apartment-in-Rome.png\" width=\"397\" height=\"173\" srcset=\"https:\/\/vinoeoli.it\/wp-content\/uploads\/2025\/08\/Vino-e-Oli-apartment-in-Rome.png 397w, https:\/\/vinoeoli.it\/wp-content\/uploads\/2025\/08\/Vino-e-Oli-apartment-in-Rome-300x131.png 300w\" sizes=\"(max-width: 397px) 100vw, 397px\" class=\"wp-image-71403\" alt=\"Vino e Oli apartment in Rome\" \/><\/span><\/div>\n\n<div class=\"et_pb_text_3 et_pb_text et_pb_bg_layout_light et_pb_module et_block_module\"><div class=\"et_pb_text_inner\"><h1>V\u00e9rifier la disponibilit\u00e9<\/h1>\n<\/div><\/div>\n<\/div>\n<\/div>\n<\/div>\n\n<div class=\"et_pb_section_5 et_pb_section et_section_regular et_flex_section\">\n<div class=\"et_pb_row_6 et_pb_row et_flex_row\">\n<div class=\"et_pb_column_9 et_pb_column et-last-child et_flex_column et_pb_css_mix_blend_mode_passthrough et_flex_column_24_24\">\n<div class=\"et_pb_code_0 et_pb_code et_pb_module\"><div class=\"et_pb_code_inner\"><div id=\"apartmentIframeAll\">\n<script type=\"text\/javascript\" src=\"https:\/\/login.smoobu.com\/js\/Settings\/BookingToolIframe.js\"><\/script>\n<script>BookingToolIframe.initialize({\"url\": \"https:\/\/login.smoobu.com\/en\/booking-tool\/iframe\/48292\", \"baseUrl\": \"https:\/\/login.smoobu.com\", \"target\": \"#apartmentIframeAll\"})<\/script>\n<\/div><\/div><\/div>\n<\/div>\n<\/div>\n<\/div>","protected":false},"excerpt":{"rendered":"","protected":false},"author":1,"featured_media":0,"parent":0,"menu_order":0,"comment_status":"closed","ping_status":"closed","template":"","meta":{"footnotes":""},"class_list":["post-72167","page","type-page","status-publish","hentry"],"_links":{"self":[{"href":"https:\/\/vinoeoli.it\/fr\/wp-json\/wp\/v2\/pages\/72167","targetHints":{"allow":["GET"]}}],"collection":[{"href":"https:\/\/vinoeoli.it\/fr\/wp-json\/wp\/v2\/pages"}],"about":[{"href":"https:\/\/vinoeoli.it\/fr\/wp-json\/wp\/v2\/types\/page"}],"author":[{"embeddable":true,"href":"https:\/\/vinoeoli.it\/fr\/wp-json\/wp\/v2\/users\/1"}],"replies":[{"embeddable":true,"href":"https:\/\/vinoeoli.it\/fr\/wp-json\/wp\/v2\/comments?post=72167"}],"version-history":[{"count":5,"href":"https:\/\/vinoeoli.it\/fr\/wp-json\/wp\/v2\/pages\/72167\/revisions"}],"predecessor-version":[{"id":72564,"href":"https:\/\/vinoeoli.it\/fr\/wp-json\/wp\/v2\/pages\/72167\/revisions\/72564"}],"wp:attachment":[{"href":"https:\/\/vinoeoli.it\/fr\/wp-json\/wp\/v2\/media?parent=72167"}],"curies":[{"name":"wp","href":"https:\/\/api.w.org\/{rel}","templated":true}]}}